{"id":9779,"date":"2026-03-30T10:59:01","date_gmt":"2026-03-30T10:59:01","guid":{"rendered":"https:\/\/alcg.eu\/?page_id=9779"},"modified":"2026-04-15T11:46:27","modified_gmt":"2026-04-15T11:46:27","slug":"bewerbungen","status":"publish","type":"page","link":"https:\/\/alcg.eu\/en\/bewerbungen\/","title":{"rendered":"Bewerbungen"},"content":{"rendered":"<p>Hier k\u00f6nnen Sie ihre Bewerbung einreichen.<\/p>\n\n\n<div class=\"forminator-ui forminator-custom-form forminator-custom-form-9825 forminator-design--default  forminator_ajax\" data-forminator-render=\"0\" data-form=\"forminator-module-9825\" data-uid=\"69eb92b69ce3e\"><br\/><\/div><form\n\t\t\t\tid=\"forminator-module-9825\"\n\t\t\t\tclass=\"forminator-ui forminator-custom-form forminator-custom-form-9825 forminator-design--default  forminator_ajax\"\n\t\t\t\tmethod=\"post\"\n\t\t\t\tdata-forminator-render=\"0\"\n\t\t\t\tdata-form-id=\"9825\"\n\t\t\t\tenctype=\"multipart\/form-data\" data-color-option=\"default\" data-design=\"default\" data-grid=\"open\" style=\"display: none;\"\n\t\t\t\tdata-uid=\"69eb92b69ce3e\" action=\"\"\n\t\t\t><div role=\"alert\" aria-live=\"polite\" class=\"forminator-response-message forminator-error\" aria-hidden=\"true\"><\/div><div class=\"forminator-row\"><div id=\"consent-2\" class=\"forminator-field-consent forminator-col forminator-col-12\"><div class=\"forminator-field\"><label for=\"forminator-field-consent-2_69eb92b69ce3e\" id=\"forminator-field-consent-2_69eb92b69ce3e-label\" class=\"forminator-label\">Datenschutz Erkl\u00e4rung <span class=\"forminator-required\">*<\/span><\/label><div class=\"forminator-checkbox__wrapper\"><label id=\"forminator-field-consent-2_69eb92b69ce3e__label\" class=\"forminator-checkbox forminator-consent\"><input type=\"checkbox\" name=\"consent-2\" id=\"forminator-field-consent-2_69eb92b69ce3e\" value=\"checked\" aria-labelledby=\"forminator-field-consent-2_69eb92b69ce3e-label\" aria-describedby=\"forminator-field-consent-2_69eb92b69ce3e__description\" data-required=\"true\" aria-required=\"true\" \/><span class=\"forminator-checkbox-box\" aria-hidden=\"true\"><\/span><\/label><div id=\"forminator-field-consent-2_69eb92b69ce3e__description\" class=\"forminator-checkbox__label forminator-consent__label\"><p>Hiermit best\u00e4tige ich, dass ich die <a href=\"https:\/\/alcg.eu\/en\/datenschutzerklarung\/\" target=\"_blank\" rel=\"noopener\">Privacy Policy<\/a> und die <a href=\"https:\/\/alcg.eu\/en\/datenschutzerklarung\/\" target=\"_blank\" rel=\"noopener\">Allgemeinen Gesch\u00e4ftsbedingungen<\/a> gelesen habe.<\/p><\/div><\/div><\/div><\/div><\/div><div class=\"forminator-row\"><div id=\"text-1\" class=\"forminator-field-text forminator-col forminator-col-12\"><div class=\"forminator-field\"><label for=\"forminator-field-text-1_69eb92b69ce3e\" id=\"forminator-field-text-1_69eb92b69ce3e-label\" class=\"forminator-label\">Vorname <span class=\"forminator-required\">*<\/span><\/label><input type=\"text\" name=\"text-1\" value=\"\" placeholder=\"\" id=\"forminator-field-text-1_69eb92b69ce3e\" class=\"forminator-input forminator-name--field\" data-required=\"1\" \/><\/div><\/div><\/div><div class=\"forminator-row\"><div id=\"text-3\" class=\"forminator-field-text forminator-col forminator-col-12\"><div class=\"forminator-field\"><label for=\"forminator-field-text-3_69eb92b69ce3e\" id=\"forminator-field-text-3_69eb92b69ce3e-label\" class=\"forminator-label\">Nachname <span class=\"forminator-required\">*<\/span><\/label><input type=\"text\" name=\"text-3\" value=\"\" placeholder=\"\" id=\"forminator-field-text-3_69eb92b69ce3e\" class=\"forminator-input forminator-name--field\" data-required=\"1\" \/><\/div><\/div><\/div><div class=\"forminator-row\"><div id=\"email-1\" class=\"forminator-field-email forminator-col forminator-col-12\"><div class=\"forminator-field\"><label for=\"forminator-field-email-1_69eb92b69ce3e\" id=\"forminator-field-email-1_69eb92b69ce3e-label\" class=\"forminator-label\">Deine E-Mail-Adresse <span class=\"forminator-required\">*<\/span><\/label><input type=\"email\" name=\"email-1\" value=\"\" placeholder=\"\" id=\"forminator-field-email-1_69eb92b69ce3e\" class=\"forminator-input forminator-email--field\" data-required=\"1\" aria-required=\"true\" autocomplete=\"email\" \/><\/div><\/div><\/div><div class=\"forminator-row\"><div id=\"text-2\" class=\"forminator-field-text forminator-col forminator-col-12\"><div class=\"forminator-field\"><label for=\"forminator-field-text-2_69eb92b69ce3e\" id=\"forminator-field-text-2_69eb92b69ce3e-label\" class=\"forminator-label\">Jobausschreiben <span class=\"forminator-required\">*<\/span><\/label><input type=\"text\" name=\"text-2\" value=\"\" placeholder=\"\" id=\"forminator-field-text-2_69eb92b69ce3e\" class=\"forminator-input forminator-name--field\" data-required=\"1\" \/><\/div><\/div><\/div><div class=\"forminator-row\"><div id=\"upload-1\" class=\"forminator-field-upload forminator-col forminator-col-12\"><div class=\"forminator-field\"><label for=\"forminator-field-upload-1_69eb92b69ce3e\" id=\"forminator-field-upload-1_69eb92b69ce3e-label\" class=\"forminator-label\">Anh\u00e4nge <span class=\"forminator-required\">*<\/span><\/label><div class=\"forminator-multi-upload\" data-element=\"upload-1_69eb92b69ce3e\"><input type=\"file\" name=\"upload-1[]\" id=\"forminator-field-upload-1_69eb92b69ce3e\" class=\"forminator-input-file-required do-validate forminator-field-upload-1_69eb92b69ce3e-9825\" multiple=\"multiple\" data-method=\"ajax\" accept=\".image\/*,.pdf,.docx,.doc,.txt,.asc,.c,.cc,.h,.srt\" data-limit=\"5\" data-limit-message=\"You can upload a maximum of 5 files.\" data-size=\"10000000\" data-size-message=\"Maximum file size allowed is 10 MB. \" data-filetype=\"image\/*|pdf|docx|doc|txt|asc|c|cc|h|srt\" data-filetype-message=\"file extension is not allowed.\"><div class=\"forminator-multi-upload-message\" aria-hidden=\"true\"><span class=\"forminator-icon-upload\" aria-hidden=\"true\"><\/span><p>Drag and Drop (or) <a class=\"forminator-upload-file--forminator-field-upload-1_69eb92b69ce3e\" href=\"#\" onclick=\"return false;\">Choose Files<\/a><\/p><\/div><\/div><ul class=\"forminator-uploaded-files upload-container-upload-1_69eb92b69ce3e\"><\/ul><\/div><\/div><\/div><div class=\"forminator-row\"><div id=\"textarea-1\" class=\"forminator-field-textarea forminator-col forminator-col-12\"><div class=\"forminator-field\"><label for=\"forminator-field-textarea-1_69eb92b69ce3e\" id=\"forminator-field-textarea-1_69eb92b69ce3e-label\" class=\"forminator-label\">Weitere Informationen<\/label><textarea name=\"textarea-1\" placeholder=\"\" id=\"forminator-field-textarea-1_69eb92b69ce3e\" class=\"forminator-textarea\" rows=\"6\" style=\"min-height:140px;\" aria-describedby=\"forminator-field-textarea-1_69eb92b69ce3e-description\" ><\/textarea><span id=\"forminator-field-textarea-1_69eb92b69ce3e-description\" class=\"forminator-description\">Hier k\u00f6nnen Sie uns noch mehr \u00fcber sich erz\u00e4hlen.<\/span><\/div><\/div><\/div><input type=\"hidden\" name=\"referer_url\" value=\"\" \/><div class=\"forminator-row forminator-row-last\"><div class=\"forminator-col\"><div class=\"forminator-field\"><button class=\"forminator-button forminator-button-submit\">Send<\/button><\/div><\/div><\/div><input type=\"hidden\" id=\"forminator_nonce\" name=\"forminator_nonce\" value=\"31c2fda92c\" \/><input type=\"hidden\" name=\"_wp_http_referer\" value=\"\/en\/wp-json\/wp\/v2\/pages\/9779\" \/><input type=\"hidden\" name=\"form_id\" value=\"9825\"><input type=\"hidden\" name=\"page_id\" value=\"9779\"><input type=\"hidden\" name=\"form_type\" value=\"default\"><input type=\"hidden\" name=\"current_url\" value=\"https:\/\/alcg.eu\/en\/bewerbungen\/\"><input type=\"hidden\" name=\"render_id\" value=\"0\"><input type=\"hidden\" name=\"forminator-multifile-hidden\" class=\"forminator-multifile-hidden\"><input type=\"hidden\" name=\"action\" value=\"forminator_submit_form_custom-forms\"><input type=\"hidden\" name=\"trp-form-language\" value=\"en\"\/><\/form>\n\n\n\n<p>&nbsp;<\/p>","protected":false},"excerpt":{"rendered":"<p>Hier k\u00f6nnen Sie ihre Bewerbung einreichen. &nbsp;<\/p>","protected":false},"author":3,"featured_media":0,"parent":0,"menu_order":0,"comment_status":"closed","ping_status":"closed","template":"","meta":{"_acf_changed":false,"footnotes":""},"class_list":["post-9779","page","type-page","status-publish","hentry"],"acf":[],"yoast_head":"<!-- This site is optimized with the Yoast SEO plugin v27.3 - https:\/\/yoast.com\/product\/yoast-seo-wordpress\/ -->\n<title>Bewerbungen - Ariana Laboratories &amp; Consulting Group<\/title>\n<meta name=\"description\" content=\"ALCG \u2013 Ihre Experten f\u00fcr Lebensmittelsicherheit in Europa: Wir bieten Probenahme mit Abholservice, Laboranalysen, HACCP-Konzepte, Audits, Krisenmanagement und fachkundige Beratung \u2013 f\u00fcr h\u00f6chste Sicherheitsstandards.\" \/>\n<meta name=\"robots\" content=\"index, follow, max-snippet:-1, max-image-preview:large, max-video-preview:-1\" \/>\n<link rel=\"canonical\" href=\"https:\/\/alcg.eu\/en\/bewerbungen\/\" \/>\n<meta property=\"og:locale\" content=\"en_GB\" \/>\n<meta property=\"og:type\" content=\"article\" \/>\n<meta property=\"og:title\" content=\"Bewerbungen - Ariana Laboratories &amp; Consulting Group\" \/>\n<meta property=\"og:description\" content=\"ALCG \u2013 Ihre Experten f\u00fcr Lebensmittelsicherheit in Europa: Wir bieten Probenahme mit Abholservice, Laboranalysen, HACCP-Konzepte, Audits, Krisenmanagement und fachkundige Beratung \u2013 f\u00fcr h\u00f6chste Sicherheitsstandards.\" \/>\n<meta property=\"og:url\" content=\"https:\/\/alcg.eu\/en\/bewerbungen\/\" \/>\n<meta property=\"og:site_name\" content=\"Ariana Laboratories &amp; Consulting Group\" \/>\n<meta property=\"article:modified_time\" content=\"2026-04-15T11:46:27+00:00\" \/>\n<meta name=\"twitter:card\" content=\"summary_large_image\" \/>\n<meta name=\"twitter:label1\" content=\"Estimated reading time\" \/>\n\t<meta name=\"twitter:data1\" content=\"1 minute\" \/>\n<script type=\"application\/ld+json\" class=\"yoast-schema-graph\">{\"@context\":\"https:\\\/\\\/schema.org\",\"@graph\":[{\"@type\":\"WebPage\",\"@id\":\"https:\\\/\\\/alcg.eu\\\/bewerbungen\\\/\",\"url\":\"https:\\\/\\\/alcg.eu\\\/bewerbungen\\\/\",\"name\":\"Bewerbungen - Ariana Laboratories &amp; Consulting Group\",\"isPartOf\":{\"@id\":\"https:\\\/\\\/alcg.eu\\\/#website\"},\"datePublished\":\"2026-03-30T10:59:01+00:00\",\"dateModified\":\"2026-04-15T11:46:27+00:00\",\"description\":\"ALCG \u2013 Ihre Experten f\u00fcr Lebensmittelsicherheit in Europa: Wir bieten Probenahme mit Abholservice, Laboranalysen, HACCP-Konzepte, Audits, Krisenmanagement und fachkundige Beratung \u2013 f\u00fcr h\u00f6chste Sicherheitsstandards.\",\"breadcrumb\":{\"@id\":\"https:\\\/\\\/alcg.eu\\\/bewerbungen\\\/#breadcrumb\"},\"inLanguage\":\"en-GB\",\"potentialAction\":[{\"@type\":\"ReadAction\",\"target\":[\"https:\\\/\\\/alcg.eu\\\/bewerbungen\\\/\"]}]},{\"@type\":\"BreadcrumbList\",\"@id\":\"https:\\\/\\\/alcg.eu\\\/bewerbungen\\\/#breadcrumb\",\"itemListElement\":[{\"@type\":\"ListItem\",\"position\":1,\"name\":\"Home\",\"item\":\"https:\\\/\\\/alcg.eu\\\/\"},{\"@type\":\"ListItem\",\"position\":2,\"name\":\"Bewerbungen\"}]},{\"@type\":\"WebSite\",\"@id\":\"https:\\\/\\\/alcg.eu\\\/#website\",\"url\":\"https:\\\/\\\/alcg.eu\\\/\",\"name\":\"Ariana Laboratories & Consulting Group\",\"description\":\"\",\"publisher\":{\"@id\":\"https:\\\/\\\/alcg.eu\\\/#organization\"},\"potentialAction\":[{\"@type\":\"SearchAction\",\"target\":{\"@type\":\"EntryPoint\",\"urlTemplate\":\"https:\\\/\\\/alcg.eu\\\/?s={search_term_string}\"},\"query-input\":{\"@type\":\"PropertyValueSpecification\",\"valueRequired\":true,\"valueName\":\"search_term_string\"}}],\"inLanguage\":\"en-GB\"},{\"@type\":\"Organization\",\"@id\":\"https:\\\/\\\/alcg.eu\\\/#organization\",\"name\":\"Ariana Laboratories & Consulting Group\",\"url\":\"https:\\\/\\\/alcg.eu\\\/\",\"logo\":{\"@type\":\"ImageObject\",\"inLanguage\":\"en-GB\",\"@id\":\"https:\\\/\\\/alcg.eu\\\/#\\\/schema\\\/logo\\\/image\\\/\",\"url\":\"https:\\\/\\\/alcg.eu\\\/wp-content\\\/uploads\\\/2024\\\/09\\\/Ariana_Logo_V03.svg\",\"contentUrl\":\"https:\\\/\\\/alcg.eu\\\/wp-content\\\/uploads\\\/2024\\\/09\\\/Ariana_Logo_V03.svg\",\"width\":317,\"height\":118,\"caption\":\"Ariana Laboratories & Consulting Group\"},\"image\":{\"@id\":\"https:\\\/\\\/alcg.eu\\\/#\\\/schema\\\/logo\\\/image\\\/\"},\"sameAs\":[\"https:\\\/\\\/www.linkedin.com\\\/company\\\/alcgeu\\\/?viewAsMember=true\"]}]}<\/script>\n<!-- \/ Yoast SEO plugin. -->","yoast_head_json":{"title":"Bewerbungen - Ariana Laboratories &amp; Consulting Group","description":"ALCG \u2013 Ihre Experten f\u00fcr Lebensmittelsicherheit in Europa: Wir bieten Probenahme mit Abholservice, Laboranalysen, HACCP-Konzepte, Audits, Krisenmanagement und fachkundige Beratung \u2013 f\u00fcr h\u00f6chste Sicherheitsstandards.","robots":{"index":"index","follow":"follow","max-snippet":"max-snippet:-1","max-image-preview":"max-image-preview:large","max-video-preview":"max-video-preview:-1"},"canonical":"https:\/\/alcg.eu\/en\/bewerbungen\/","og_locale":"en_GB","og_type":"article","og_title":"Bewerbungen - Ariana Laboratories &amp; Consulting Group","og_description":"ALCG \u2013 Ihre Experten f\u00fcr Lebensmittelsicherheit in Europa: Wir bieten Probenahme mit Abholservice, Laboranalysen, HACCP-Konzepte, Audits, Krisenmanagement und fachkundige Beratung \u2013 f\u00fcr h\u00f6chste Sicherheitsstandards.","og_url":"https:\/\/alcg.eu\/en\/bewerbungen\/","og_site_name":"Ariana Laboratories &amp; Consulting Group","article_modified_time":"2026-04-15T11:46:27+00:00","twitter_card":"summary_large_image","twitter_misc":{"Estimated reading time":"1 minute"},"schema":{"@context":"https:\/\/schema.org","@graph":[{"@type":"WebPage","@id":"https:\/\/alcg.eu\/bewerbungen\/","url":"https:\/\/alcg.eu\/bewerbungen\/","name":"Bewerbungen - Ariana Laboratories &amp; Consulting Group","isPartOf":{"@id":"https:\/\/alcg.eu\/#website"},"datePublished":"2026-03-30T10:59:01+00:00","dateModified":"2026-04-15T11:46:27+00:00","description":"ALCG \u2013 Ihre Experten f\u00fcr Lebensmittelsicherheit in Europa: Wir bieten Probenahme mit Abholservice, Laboranalysen, HACCP-Konzepte, Audits, Krisenmanagement und fachkundige Beratung \u2013 f\u00fcr h\u00f6chste Sicherheitsstandards.","breadcrumb":{"@id":"https:\/\/alcg.eu\/bewerbungen\/#breadcrumb"},"inLanguage":"en-GB","potentialAction":[{"@type":"ReadAction","target":["https:\/\/alcg.eu\/bewerbungen\/"]}]},{"@type":"BreadcrumbList","@id":"https:\/\/alcg.eu\/bewerbungen\/#breadcrumb","itemListElement":[{"@type":"ListItem","position":1,"name":"Home","item":"https:\/\/alcg.eu\/"},{"@type":"ListItem","position":2,"name":"Bewerbungen"}]},{"@type":"WebSite","@id":"https:\/\/alcg.eu\/#website","url":"https:\/\/alcg.eu\/","name":"Ariana Laboratories & Consulting Group","description":"","publisher":{"@id":"https:\/\/alcg.eu\/#organization"},"potentialAction":[{"@type":"SearchAction","target":{"@type":"EntryPoint","urlTemplate":"https:\/\/alcg.eu\/?s={search_term_string}"},"query-input":{"@type":"PropertyValueSpecification","valueRequired":true,"valueName":"search_term_string"}}],"inLanguage":"en-GB"},{"@type":"Organization","@id":"https:\/\/alcg.eu\/#organization","name":"Ariana Laboratories & Consulting Group","url":"https:\/\/alcg.eu\/","logo":{"@type":"ImageObject","inLanguage":"en-GB","@id":"https:\/\/alcg.eu\/#\/schema\/logo\/image\/","url":"https:\/\/alcg.eu\/wp-content\/uploads\/2024\/09\/Ariana_Logo_V03.svg","contentUrl":"https:\/\/alcg.eu\/wp-content\/uploads\/2024\/09\/Ariana_Logo_V03.svg","width":317,"height":118,"caption":"Ariana Laboratories & Consulting Group"},"image":{"@id":"https:\/\/alcg.eu\/#\/schema\/logo\/image\/"},"sameAs":["https:\/\/www.linkedin.com\/company\/alcgeu\/?viewAsMember=true"]}]}},"_links":{"self":[{"href":"https:\/\/alcg.eu\/en\/wp-json\/wp\/v2\/pages\/9779","targetHints":{"allow":["GET"]}}],"collection":[{"href":"https:\/\/alcg.eu\/en\/wp-json\/wp\/v2\/pages"}],"about":[{"href":"https:\/\/alcg.eu\/en\/wp-json\/wp\/v2\/types\/page"}],"author":[{"embeddable":true,"href":"https:\/\/alcg.eu\/en\/wp-json\/wp\/v2\/users\/3"}],"replies":[{"embeddable":true,"href":"https:\/\/alcg.eu\/en\/wp-json\/wp\/v2\/comments?post=9779"}],"version-history":[{"count":10,"href":"https:\/\/alcg.eu\/en\/wp-json\/wp\/v2\/pages\/9779\/revisions"}],"predecessor-version":[{"id":9972,"href":"https:\/\/alcg.eu\/en\/wp-json\/wp\/v2\/pages\/9779\/revisions\/9972"}],"wp:attachment":[{"href":"https:\/\/alcg.eu\/en\/wp-json\/wp\/v2\/media?parent=9779"}],"curies":[{"name":"wp","href":"https:\/\/api.w.org\/{rel}","templated":true}]}}