{"id":8376,"date":"2025-09-29T12:50:37","date_gmt":"2025-09-29T12:50:37","guid":{"rendered":"https:\/\/alcg.eu\/?page_id=8376"},"modified":"2026-03-13T21:12:29","modified_gmt":"2026-03-13T21:12:29","slug":"test-carousel","status":"publish","type":"page","link":"https:\/\/alcg.eu\/en\/test-carousel\/","title":{"rendered":"TEST Carousel"},"content":{"rendered":"\t\t<div data-elementor-type=\"wp-page\" data-elementor-id=\"8376\" class=\"elementor elementor-8376\" data-elementor-post-type=\"page\">\n\t\t\t\t<div data-particle_enable=\"false\" data-particle-mobile-disabled=\"false\" class=\"elementor-element elementor-element-c99a851 e-flex e-con-boxed e-con e-parent\" data-id=\"c99a851\" data-element_type=\"container\" data-e-type=\"container\">\n\t\t\t\t\t<div class=\"e-con-inner\">\n\t\t\t\t\t<\/div>\n\t\t\t\t<\/div>\n\t\t<div data-particle_enable=\"false\" data-particle-mobile-disabled=\"false\" class=\"elementor-element elementor-element-0c24a20 e-flex e-con-boxed e-con e-parent\" data-id=\"0c24a20\" data-element_type=\"container\" data-e-type=\"container\">\n\t\t\t\t\t<div class=\"e-con-inner\">\n\t\t\t\t<div class=\"elementor-element elementor-element-c6bc656 elementor-pagination-type-bullets elementor-arrows-position-inside elementor-pagination-position-outside elementor-widget elementor-widget-n-carousel\" data-id=\"c6bc656\" data-element_type=\"widget\" data-e-type=\"widget\" data-settings=\"{&quot;carousel_items&quot;:[{&quot;slide_title&quot;:&quot;Slide #1&quot;,&quot;_id&quot;:&quot;9985346&quot;},{&quot;slide_title&quot;:&quot;Slide #2&quot;,&quot;_id&quot;:&quot;e4484a2&quot;},{&quot;slide_title&quot;:&quot;Slide #3&quot;,&quot;_id&quot;:&quot;a405282&quot;}],&quot;slides_to_show&quot;:&quot;3&quot;,&quot;slides_to_scroll&quot;:&quot;3&quot;,&quot;slides_to_show_tablet&quot;:&quot;2&quot;,&quot;slides_to_show_mobile&quot;:&quot;1&quot;,&quot;autoplay&quot;:&quot;yes&quot;,&quot;autoplay_speed&quot;:5000,&quot;pause_on_hover&quot;:&quot;yes&quot;,&quot;pause_on_interaction&quot;:&quot;yes&quot;,&quot;infinite&quot;:&quot;yes&quot;,&quot;speed&quot;:500,&quot;offset_sides&quot;:&quot;none&quot;,&quot;arrows&quot;:&quot;yes&quot;,&quot;pagination&quot;:&quot;bullets&quot;,&quot;image_spacing_custom&quot;:{&quot;unit&quot;:&quot;px&quot;,&quot;size&quot;:10,&quot;sizes&quot;:[]},&quot;image_spacing_custom_tablet&quot;:{&quot;unit&quot;:&quot;px&quot;,&quot;size&quot;:&quot;&quot;,&quot;sizes&quot;:[]},&quot;image_spacing_custom_mobile&quot;:{&quot;unit&quot;:&quot;px&quot;,&quot;size&quot;:&quot;&quot;,&quot;sizes&quot;:[]}}\" data-widget_type=\"nested-carousel.default\">\n\t\t\t\t<div class=\"elementor-widget-container\">\n\t\t\t\t\t\t\t<div class=\"e-n-carousel swiper\" role=\"region\" aria-roledescription=\"carousel\" aria-label=\"Carousel\" dir=\"ltr\">\n\t\t\t<div class=\"swiper-wrapper\" aria-live=\"off\">\n\t\t\t\t\t\t\t\t\t\t<div class=\"swiper-slide\" data-slide=\"1\" role=\"group\" aria-roledescription=\"slide\" aria-label=\"1 von 3\">\n\t\t\t\t\t\t\t<div data-particle_enable=\"false\" data-particle-mobile-disabled=\"false\" class=\"elementor-element elementor-element-3927894 e-flex e-con-boxed e-con e-child\" data-id=\"3927894\" data-element_type=\"container\" data-e-type=\"container\">\n\t\t\t\t\t<div class=\"e-con-inner\">\n\t\t<div data-particle_enable=\"false\" data-particle-mobile-disabled=\"false\" class=\"elementor-element elementor-element-5467d6f e-con-full e-flex e-con e-child\" data-id=\"5467d6f\" data-element_type=\"container\" data-e-type=\"container\">\n\t\t\t\t<div class=\"elementor-element elementor-element-d63972a elementor-widget elementor-widget-image\" data-id=\"d63972a\" data-element_type=\"widget\" data-e-type=\"widget\" data-widget_type=\"image.default\">\n\t\t\t\t<div class=\"elementor-widget-container\">\n\t\t\t\t\t\t\t\t\t\t\t\t\t\t\t<img fetchpriority=\"high\" decoding=\"async\" width=\"400\" height=\"400\" src=\"https:\/\/alcg.eu\/wp-content\/uploads\/2025\/09\/Sensorik_Trainingskit_offen.webp\" class=\"attachment-large size-large wp-image-8318\" alt=\"Ge\u00f6ffneter Koffer mit Utensilien (Fl\u00e4schchen mit Fl\u00fcssigkeiten, Fl\u00e4schchen mit Granulat, Konsistenzkegel)\" srcset=\"https:\/\/alcg.eu\/wp-content\/uploads\/2025\/09\/Sensorik_Trainingskit_offen.webp 400w, https:\/\/alcg.eu\/wp-content\/uploads\/2025\/09\/Sensorik_Trainingskit_offen-300x300.webp 300w, https:\/\/alcg.eu\/wp-content\/uploads\/2025\/09\/Sensorik_Trainingskit_offen-150x150.webp 150w, https:\/\/alcg.eu\/wp-content\/uploads\/2025\/09\/Sensorik_Trainingskit_offen-12x12.webp 12w\" sizes=\"(max-width: 400px) 100vw, 400px\" \/>\t\t\t\t\t\t\t\t\t\t\t\t\t\t\t<\/div>\n\t\t\t\t<\/div>\n\t\t\t\t<\/div>\n\t\t\t\t\t<\/div>\n\t\t\t\t<\/div>\n\t\t\t\t\t\t\t\t<\/div>\n\t\t\t\t\t\t\t\t\t\t\t<div class=\"swiper-slide\" data-slide=\"2\" role=\"group\" aria-roledescription=\"slide\" aria-label=\"2 von 3\">\n\t\t\t\t\t\t\t<div data-particle_enable=\"false\" data-particle-mobile-disabled=\"false\" class=\"elementor-element elementor-element-e32d169 e-flex e-con-boxed e-con e-child\" data-id=\"e32d169\" data-element_type=\"container\" data-e-type=\"container\">\n\t\t\t\t\t<div class=\"e-con-inner\">\n\t\t<div data-particle_enable=\"false\" data-particle-mobile-disabled=\"false\" class=\"elementor-element elementor-element-68a37a8 e-con-full e-flex e-con e-child\" data-id=\"68a37a8\" data-element_type=\"container\" data-e-type=\"container\">\n\t\t\t\t<div class=\"elementor-element elementor-element-99da5b9 elementor-widget elementor-widget-image\" data-id=\"99da5b9\" data-element_type=\"widget\" data-e-type=\"widget\" data-widget_type=\"image.default\">\n\t\t\t\t<div class=\"elementor-widget-container\">\n\t\t\t\t\t\t\t\t\t\t\t\t\t\t\t<img decoding=\"async\" width=\"400\" height=\"400\" src=\"https:\/\/alcg.eu\/wp-content\/uploads\/2025\/09\/Sensorik_Trainingskit_geschlossen.webp\" class=\"attachment-large size-large wp-image-8317\" alt=\"Koffer mit eingraviertem Ariana-Logo\" srcset=\"https:\/\/alcg.eu\/wp-content\/uploads\/2025\/09\/Sensorik_Trainingskit_geschlossen.webp 400w, https:\/\/alcg.eu\/wp-content\/uploads\/2025\/09\/Sensorik_Trainingskit_geschlossen-300x300.webp 300w, https:\/\/alcg.eu\/wp-content\/uploads\/2025\/09\/Sensorik_Trainingskit_geschlossen-150x150.webp 150w, https:\/\/alcg.eu\/wp-content\/uploads\/2025\/09\/Sensorik_Trainingskit_geschlossen-12x12.webp 12w\" sizes=\"(max-width: 400px) 100vw, 400px\" \/>\t\t\t\t\t\t\t\t\t\t\t\t\t\t\t<\/div>\n\t\t\t\t<\/div>\n\t\t\t\t<\/div>\n\t\t\t\t\t<\/div>\n\t\t\t\t<\/div>\n\t\t\t\t\t\t\t\t<\/div>\n\t\t\t\t\t\t\t\t\t\t\t<div class=\"swiper-slide\" data-slide=\"3\" role=\"group\" aria-roledescription=\"slide\" aria-label=\"3 von 3\">\n\t\t\t\t\t\t\t<div data-particle_enable=\"false\" data-particle-mobile-disabled=\"false\" class=\"elementor-element elementor-element-4dc2627 e-flex e-con-boxed e-con e-child\" data-id=\"4dc2627\" data-element_type=\"container\" data-e-type=\"container\">\n\t\t\t\t\t<div class=\"e-con-inner\">\n\t\t<div data-particle_enable=\"false\" data-particle-mobile-disabled=\"false\" class=\"elementor-element elementor-element-fdd8061 e-con-full e-flex e-con e-child\" data-id=\"fdd8061\" data-element_type=\"container\" data-e-type=\"container\">\n\t\t\t\t<div class=\"elementor-element elementor-element-6c6abf8 elementor-widget elementor-widget-image\" data-id=\"6c6abf8\" data-element_type=\"widget\" data-e-type=\"widget\" data-widget_type=\"image.default\">\n\t\t\t\t<div class=\"elementor-widget-container\">\n\t\t\t\t\t\t\t\t\t\t\t\t\t\t\t<img decoding=\"async\" width=\"400\" height=\"400\" src=\"https:\/\/alcg.eu\/wp-content\/uploads\/2025\/09\/Sensorik_Trainingskit_geschlossen_schraeg.webp\" class=\"attachment-large size-large wp-image-8316\" alt=\"Koffer mit eingraviertem Ariana-Logo\" srcset=\"https:\/\/alcg.eu\/wp-content\/uploads\/2025\/09\/Sensorik_Trainingskit_geschlossen_schraeg.webp 400w, https:\/\/alcg.eu\/wp-content\/uploads\/2025\/09\/Sensorik_Trainingskit_geschlossen_schraeg-300x300.webp 300w, https:\/\/alcg.eu\/wp-content\/uploads\/2025\/09\/Sensorik_Trainingskit_geschlossen_schraeg-150x150.webp 150w, https:\/\/alcg.eu\/wp-content\/uploads\/2025\/09\/Sensorik_Trainingskit_geschlossen_schraeg-12x12.webp 12w\" sizes=\"(max-width: 400px) 100vw, 400px\" \/>\t\t\t\t\t\t\t\t\t\t\t\t\t\t\t<\/div>\n\t\t\t\t<\/div>\n\t\t\t\t<\/div>\n\t\t\t\t\t<\/div>\n\t\t\t\t<\/div>\n\t\t\t\t\t\t\t\t<\/div>\n\t\t\t\t\t\t\t\t<\/div>\n\t\t<\/div>\n\t\t\t\t\t<div class=\"elementor-swiper-button elementor-swiper-button-prev\" role=\"button\" tabindex=\"0\" aria-label=\"Voriger\">\n\t\t\t\t<svg aria-hidden=\"true\" class=\"e-font-icon-svg e-eicon-chevron-left\" viewBox=\"0 0 1000 1000\" xmlns=\"http:\/\/www.w3.org\/2000\/svg\"><path d=\"M646 125C629 125 613 133 604 142L308 442C296 454 292 471 292 487 292 504 296 521 308 533L604 854C617 867 629 875 646 875 663 875 679 871 692 858 704 846 713 829 713 812 713 796 708 779 692 767L438 487 692 225C700 217 708 204 708 187 708 171 704 154 692 142 675 129 663 125 646 125Z\"><\/path><\/svg>\t\t\t<\/div>\n\t\t\t<div class=\"elementor-swiper-button elementor-swiper-button-next\" role=\"button\" tabindex=\"0\" aria-label=\"N\u00e4chster\">\n\t\t\t\t<svg aria-hidden=\"true\" class=\"e-font-icon-svg e-eicon-chevron-right\" viewBox=\"0 0 1000 1000\" xmlns=\"http:\/\/www.w3.org\/2000\/svg\"><path d=\"M696 533C708 521 713 504 713 487 713 471 708 454 696 446L400 146C388 133 375 125 354 125 338 125 325 129 313 142 300 154 292 171 292 187 292 204 296 221 308 233L563 492 304 771C292 783 288 800 288 817 288 833 296 850 308 863 321 871 338 875 354 875 371 875 388 867 400 854L696 533Z\"><\/path><\/svg>\t\t\t<\/div>\n\t\t\t\t\t<div class=\"swiper-pagination\"><\/div>\n\t\t\t\t\t\t<\/div>\n\t\t\t\t<\/div>\n\t\t\t\t\t<\/div>\n\t\t\t\t<\/div>\n\t\t\t\t<\/div>\n\t\t","protected":false},"excerpt":{"rendered":"","protected":false},"author":1,"featured_media":0,"parent":0,"menu_order":0,"comment_status":"closed","ping_status":"closed","template":"","meta":{"_acf_changed":false,"footnotes":""},"class_list":["post-8376","page","type-page","status-publish","hentry"],"acf":[],"yoast_head":"<!-- This site is optimized with the Yoast SEO plugin v27.3 - https:\/\/yoast.com\/product\/yoast-seo-wordpress\/ -->\n<title>TEST Carousel - Ariana Laboratories &amp; Consulting Group<\/title>\n<meta name=\"description\" content=\"ALCG \u2013 Ihre Experten f\u00fcr Lebensmittelsicherheit in Europa: Wir bieten Probenahme mit Abholservice, Laboranalysen, HACCP-Konzepte, Audits, Krisenmanagement und fachkundige Beratung \u2013 f\u00fcr h\u00f6chste Sicherheitsstandards.\" \/>\n<meta name=\"robots\" content=\"index, follow, max-snippet:-1, max-image-preview:large, max-video-preview:-1\" \/>\n<link rel=\"canonical\" href=\"https:\/\/alcg.eu\/en\/test-carousel\/\" \/>\n<meta property=\"og:locale\" content=\"en_GB\" \/>\n<meta property=\"og:type\" content=\"article\" \/>\n<meta property=\"og:title\" content=\"TEST Carousel - Ariana Laboratories &amp; Consulting Group\" \/>\n<meta property=\"og:description\" content=\"ALCG \u2013 Ihre Experten f\u00fcr Lebensmittelsicherheit in Europa: Wir bieten Probenahme mit Abholservice, Laboranalysen, HACCP-Konzepte, Audits, Krisenmanagement und fachkundige Beratung \u2013 f\u00fcr h\u00f6chste Sicherheitsstandards.\" \/>\n<meta property=\"og:url\" content=\"https:\/\/alcg.eu\/en\/test-carousel\/\" \/>\n<meta property=\"og:site_name\" content=\"Ariana Laboratories &amp; Consulting Group\" \/>\n<meta property=\"article:modified_time\" content=\"2026-03-13T21:12:29+00:00\" \/>\n<meta property=\"og:image\" content=\"https:\/\/alcg.eu\/wp-content\/uploads\/2025\/09\/Sensorik_Trainingskit_offen.webp\" \/>\n\t<meta property=\"og:image:width\" content=\"400\" \/>\n\t<meta property=\"og:image:height\" content=\"400\" \/>\n\t<meta property=\"og:image:type\" content=\"image\/webp\" \/>\n<meta name=\"twitter:card\" content=\"summary_large_image\" \/>\n<meta name=\"twitter:label1\" content=\"Estimated reading time\" \/>\n\t<meta name=\"twitter:data1\" content=\"2 minutes\" \/>\n<script type=\"application\/ld+json\" class=\"yoast-schema-graph\">{\"@context\":\"https:\\\/\\\/schema.org\",\"@graph\":[{\"@type\":\"WebPage\",\"@id\":\"https:\\\/\\\/alcg.eu\\\/test-carousel\\\/\",\"url\":\"https:\\\/\\\/alcg.eu\\\/test-carousel\\\/\",\"name\":\"TEST Carousel - Ariana Laboratories &amp; Consulting Group\",\"isPartOf\":{\"@id\":\"https:\\\/\\\/alcg.eu\\\/#website\"},\"primaryImageOfPage\":{\"@id\":\"https:\\\/\\\/alcg.eu\\\/test-carousel\\\/#primaryimage\"},\"image\":{\"@id\":\"https:\\\/\\\/alcg.eu\\\/test-carousel\\\/#primaryimage\"},\"thumbnailUrl\":\"https:\\\/\\\/alcg.eu\\\/wp-content\\\/uploads\\\/2025\\\/09\\\/Sensorik_Trainingskit_offen.webp\",\"datePublished\":\"2025-09-29T12:50:37+00:00\",\"dateModified\":\"2026-03-13T21:12:29+00:00\",\"description\":\"ALCG \u2013 Ihre Experten f\u00fcr Lebensmittelsicherheit in Europa: Wir bieten Probenahme mit Abholservice, Laboranalysen, HACCP-Konzepte, Audits, Krisenmanagement und fachkundige Beratung \u2013 f\u00fcr h\u00f6chste Sicherheitsstandards.\",\"breadcrumb\":{\"@id\":\"https:\\\/\\\/alcg.eu\\\/test-carousel\\\/#breadcrumb\"},\"inLanguage\":\"en-GB\",\"potentialAction\":[{\"@type\":\"ReadAction\",\"target\":[\"https:\\\/\\\/alcg.eu\\\/test-carousel\\\/\"]}]},{\"@type\":\"ImageObject\",\"inLanguage\":\"en-GB\",\"@id\":\"https:\\\/\\\/alcg.eu\\\/test-carousel\\\/#primaryimage\",\"url\":\"https:\\\/\\\/alcg.eu\\\/wp-content\\\/uploads\\\/2025\\\/09\\\/Sensorik_Trainingskit_offen.webp\",\"contentUrl\":\"https:\\\/\\\/alcg.eu\\\/wp-content\\\/uploads\\\/2025\\\/09\\\/Sensorik_Trainingskit_offen.webp\"},{\"@type\":\"BreadcrumbList\",\"@id\":\"https:\\\/\\\/alcg.eu\\\/test-carousel\\\/#breadcrumb\",\"itemListElement\":[{\"@type\":\"ListItem\",\"position\":1,\"name\":\"Home\",\"item\":\"https:\\\/\\\/alcg.eu\\\/\"},{\"@type\":\"ListItem\",\"position\":2,\"name\":\"TEST Carousel\"}]},{\"@type\":\"WebSite\",\"@id\":\"https:\\\/\\\/alcg.eu\\\/#website\",\"url\":\"https:\\\/\\\/alcg.eu\\\/\",\"name\":\"Ariana Laboratories & Consulting Group\",\"description\":\"\",\"publisher\":{\"@id\":\"https:\\\/\\\/alcg.eu\\\/#organization\"},\"potentialAction\":[{\"@type\":\"SearchAction\",\"target\":{\"@type\":\"EntryPoint\",\"urlTemplate\":\"https:\\\/\\\/alcg.eu\\\/?s={search_term_string}\"},\"query-input\":{\"@type\":\"PropertyValueSpecification\",\"valueRequired\":true,\"valueName\":\"search_term_string\"}}],\"inLanguage\":\"en-GB\"},{\"@type\":\"Organization\",\"@id\":\"https:\\\/\\\/alcg.eu\\\/#organization\",\"name\":\"Ariana Laboratories & Consulting Group\",\"url\":\"https:\\\/\\\/alcg.eu\\\/\",\"logo\":{\"@type\":\"ImageObject\",\"inLanguage\":\"en-GB\",\"@id\":\"https:\\\/\\\/alcg.eu\\\/#\\\/schema\\\/logo\\\/image\\\/\",\"url\":\"https:\\\/\\\/alcg.eu\\\/wp-content\\\/uploads\\\/2024\\\/09\\\/Ariana_Logo_V03.svg\",\"contentUrl\":\"https:\\\/\\\/alcg.eu\\\/wp-content\\\/uploads\\\/2024\\\/09\\\/Ariana_Logo_V03.svg\",\"width\":317,\"height\":118,\"caption\":\"Ariana Laboratories & Consulting Group\"},\"image\":{\"@id\":\"https:\\\/\\\/alcg.eu\\\/#\\\/schema\\\/logo\\\/image\\\/\"},\"sameAs\":[\"https:\\\/\\\/www.linkedin.com\\\/company\\\/alcgeu\\\/?viewAsMember=true\"]}]}<\/script>\n<!-- \/ Yoast SEO plugin. -->","yoast_head_json":{"title":"TEST Carousel - Ariana Laboratories &amp; Consulting Group","description":"ALCG \u2013 Ihre Experten f\u00fcr Lebensmittelsicherheit in Europa: Wir bieten Probenahme mit Abholservice, Laboranalysen, HACCP-Konzepte, Audits, Krisenmanagement und fachkundige Beratung \u2013 f\u00fcr h\u00f6chste Sicherheitsstandards.","robots":{"index":"index","follow":"follow","max-snippet":"max-snippet:-1","max-image-preview":"max-image-preview:large","max-video-preview":"max-video-preview:-1"},"canonical":"https:\/\/alcg.eu\/en\/test-carousel\/","og_locale":"en_GB","og_type":"article","og_title":"TEST Carousel - Ariana Laboratories &amp; Consulting Group","og_description":"ALCG \u2013 Ihre Experten f\u00fcr Lebensmittelsicherheit in Europa: Wir bieten Probenahme mit Abholservice, Laboranalysen, HACCP-Konzepte, Audits, Krisenmanagement und fachkundige Beratung \u2013 f\u00fcr h\u00f6chste Sicherheitsstandards.","og_url":"https:\/\/alcg.eu\/en\/test-carousel\/","og_site_name":"Ariana Laboratories &amp; Consulting Group","article_modified_time":"2026-03-13T21:12:29+00:00","og_image":[{"width":400,"height":400,"url":"https:\/\/alcg.eu\/wp-content\/uploads\/2025\/09\/Sensorik_Trainingskit_offen.webp","type":"image\/webp"}],"twitter_card":"summary_large_image","twitter_misc":{"Estimated reading time":"2 minutes"},"schema":{"@context":"https:\/\/schema.org","@graph":[{"@type":"WebPage","@id":"https:\/\/alcg.eu\/test-carousel\/","url":"https:\/\/alcg.eu\/test-carousel\/","name":"TEST Carousel - Ariana Laboratories &amp; Consulting Group","isPartOf":{"@id":"https:\/\/alcg.eu\/#website"},"primaryImageOfPage":{"@id":"https:\/\/alcg.eu\/test-carousel\/#primaryimage"},"image":{"@id":"https:\/\/alcg.eu\/test-carousel\/#primaryimage"},"thumbnailUrl":"https:\/\/alcg.eu\/wp-content\/uploads\/2025\/09\/Sensorik_Trainingskit_offen.webp","datePublished":"2025-09-29T12:50:37+00:00","dateModified":"2026-03-13T21:12:29+00:00","description":"ALCG \u2013 Ihre Experten f\u00fcr Lebensmittelsicherheit in Europa: Wir bieten Probenahme mit Abholservice, Laboranalysen, HACCP-Konzepte, Audits, Krisenmanagement und fachkundige Beratung \u2013 f\u00fcr h\u00f6chste Sicherheitsstandards.","breadcrumb":{"@id":"https:\/\/alcg.eu\/test-carousel\/#breadcrumb"},"inLanguage":"en-GB","potentialAction":[{"@type":"ReadAction","target":["https:\/\/alcg.eu\/test-carousel\/"]}]},{"@type":"ImageObject","inLanguage":"en-GB","@id":"https:\/\/alcg.eu\/test-carousel\/#primaryimage","url":"https:\/\/alcg.eu\/wp-content\/uploads\/2025\/09\/Sensorik_Trainingskit_offen.webp","contentUrl":"https:\/\/alcg.eu\/wp-content\/uploads\/2025\/09\/Sensorik_Trainingskit_offen.webp"},{"@type":"BreadcrumbList","@id":"https:\/\/alcg.eu\/test-carousel\/#breadcrumb","itemListElement":[{"@type":"ListItem","position":1,"name":"Home","item":"https:\/\/alcg.eu\/"},{"@type":"ListItem","position":2,"name":"TEST Carousel"}]},{"@type":"WebSite","@id":"https:\/\/alcg.eu\/#website","url":"https:\/\/alcg.eu\/","name":"Ariana Laboratories & Consulting Group","description":"","publisher":{"@id":"https:\/\/alcg.eu\/#organization"},"potentialAction":[{"@type":"SearchAction","target":{"@type":"EntryPoint","urlTemplate":"https:\/\/alcg.eu\/?s={search_term_string}"},"query-input":{"@type":"PropertyValueSpecification","valueRequired":true,"valueName":"search_term_string"}}],"inLanguage":"en-GB"},{"@type":"Organization","@id":"https:\/\/alcg.eu\/#organization","name":"Ariana Laboratories & Consulting Group","url":"https:\/\/alcg.eu\/","logo":{"@type":"ImageObject","inLanguage":"en-GB","@id":"https:\/\/alcg.eu\/#\/schema\/logo\/image\/","url":"https:\/\/alcg.eu\/wp-content\/uploads\/2024\/09\/Ariana_Logo_V03.svg","contentUrl":"https:\/\/alcg.eu\/wp-content\/uploads\/2024\/09\/Ariana_Logo_V03.svg","width":317,"height":118,"caption":"Ariana Laboratories & Consulting Group"},"image":{"@id":"https:\/\/alcg.eu\/#\/schema\/logo\/image\/"},"sameAs":["https:\/\/www.linkedin.com\/company\/alcgeu\/?viewAsMember=true"]}]}},"_links":{"self":[{"href":"https:\/\/alcg.eu\/en\/wp-json\/wp\/v2\/pages\/8376","targetHints":{"allow":["GET"]}}],"collection":[{"href":"https:\/\/alcg.eu\/en\/wp-json\/wp\/v2\/pages"}],"about":[{"href":"https:\/\/alcg.eu\/en\/wp-json\/wp\/v2\/types\/page"}],"author":[{"embeddable":true,"href":"https:\/\/alcg.eu\/en\/wp-json\/wp\/v2\/users\/1"}],"replies":[{"embeddable":true,"href":"https:\/\/alcg.eu\/en\/wp-json\/wp\/v2\/comments?post=8376"}],"version-history":[{"count":10,"href":"https:\/\/alcg.eu\/en\/wp-json\/wp\/v2\/pages\/8376\/revisions"}],"predecessor-version":[{"id":9367,"href":"https:\/\/alcg.eu\/en\/wp-json\/wp\/v2\/pages\/8376\/revisions\/9367"}],"wp:attachment":[{"href":"https:\/\/alcg.eu\/en\/wp-json\/wp\/v2\/media?parent=8376"}],"curies":[{"name":"wp","href":"https:\/\/api.w.org\/{rel}","templated":true}]}}