{"id":7160,"date":"2025-05-27T12:48:23","date_gmt":"2025-05-27T12:48:23","guid":{"rendered":"https:\/\/alcg.eu\/?page_id=7160"},"modified":"2026-04-13T06:46:55","modified_gmt":"2026-04-13T06:46:55","slug":"stellenanzeige-steuerberatung","status":"publish","type":"page","link":"https:\/\/alcg.eu\/en\/stellenanzeige-steuerberatung\/","title":{"rendered":"Stellenanzeige Steuerberatung"},"content":{"rendered":"<div data-elementor-type=\"wp-page\" data-elementor-id=\"7160\" class=\"elementor elementor-7160\" data-elementor-post-type=\"page\">\n\t\t\t\t<div data-particle_enable=\"false\" data-particle-mobile-disabled=\"false\" class=\"elementor-element elementor-element-0ec412c e-flex e-con-boxed e-con e-parent\" data-id=\"0ec412c\" data-element_type=\"container\" data-e-type=\"container\">\n\t\t\t\t\t<div class=\"e-con-inner\">\n\t\t\t\t<div class=\"elementor-element elementor-element-52a2236 elementor-widget__width-inherit elementor-widget elementor-widget-image\" data-id=\"52a2236\" data-element_type=\"widget\" data-e-type=\"widget\" data-widget_type=\"image.default\">\n\t\t\t\t<div class=\"elementor-widget-container\">\n\t\t\t\t\t\t\t\t\t\t\t\t\t\t\t<img fetchpriority=\"high\" decoding=\"async\" width=\"800\" height=\"351\" src=\"https:\/\/alcg.eu\/wp-content\/uploads\/2025\/05\/Steuerberater_in_gesucht_ALCG_Header-1024x449.webp\" class=\"attachment-large size-large wp-image-7162\" alt=\"H\u00e4nde zweier Personen \u00fcber Papiere mit Formularen oder Vertr\u00e4gen\" srcset=\"https:\/\/alcg.eu\/wp-content\/uploads\/2025\/05\/Steuerberater_in_gesucht_ALCG_Header-1024x449.webp 1024w, https:\/\/alcg.eu\/wp-content\/uploads\/2025\/05\/Steuerberater_in_gesucht_ALCG_Header-300x132.webp 300w, https:\/\/alcg.eu\/wp-content\/uploads\/2025\/05\/Steuerberater_in_gesucht_ALCG_Header-768x337.webp 768w, https:\/\/alcg.eu\/wp-content\/uploads\/2025\/05\/Steuerberater_in_gesucht_ALCG_Header-18x8.webp 18w, https:\/\/alcg.eu\/wp-content\/uploads\/2025\/05\/Steuerberater_in_gesucht_ALCG_Header.webp 1281w\" sizes=\"(max-width: 800px) 100vw, 800px\" \/>\t\t\t\t\t\t\t\t\t\t\t\t\t\t\t<\/div>\n\t\t\t\t<\/div>\n\t\t\t\t\t<\/div>\n\t\t\t\t<\/div>\n\t\t<div data-particle_enable=\"false\" data-particle-mobile-disabled=\"false\" class=\"elementor-element elementor-element-7641cc7 e-flex e-con-boxed e-con e-parent\" data-id=\"7641cc7\" data-element_type=\"container\" data-e-type=\"container\">\n\t\t\t\t\t<div class=\"e-con-inner\">\n\t\t\t\t<div class=\"elementor-element elementor-element-652591c elementor-widget elementor-widget-heading\" data-id=\"652591c\" data-element_type=\"widget\" data-e-type=\"widget\" data-widget_type=\"heading.default\">\n\t\t\t\t<div class=\"elementor-widget-container\">\n\t\t\t\t\t<h2 class=\"elementor-heading-title elementor-size-default\">Steuerberater:in (w\/m\/x) gesucht<\/h2>\t\t\t\t<\/div>\n\t\t\t\t<\/div>\n\t\t\t\t\t<\/div>\n\t\t\t\t<\/div>\n\t\t<div data-particle_enable=\"false\" data-particle-mobile-disabled=\"false\" class=\"elementor-element elementor-element-9f54ef8 e-flex e-con-boxed e-con e-parent\" data-id=\"9f54ef8\" data-element_type=\"container\" data-e-type=\"container\">\n\t\t\t\t\t<div class=\"e-con-inner\">\n\t\t<div data-particle_enable=\"false\" data-particle-mobile-disabled=\"false\" class=\"elementor-element elementor-element-3d5dacb e-con-full e-flex e-con e-child\" data-id=\"3d5dacb\" data-element_type=\"container\" data-e-type=\"container\">\n\t\t\t\t<div class=\"elementor-element elementor-element-36cad3d elementor-widget elementor-widget-heading\" data-id=\"36cad3d\" data-element_type=\"widget\" data-e-type=\"widget\" data-widget_type=\"heading.default\">\n\t\t\t\t<div class=\"elementor-widget-container\">\n\t\t\t\t\t<h5 class=\"elementor-heading-title elementor-size-default\">Deine Aufgaben:<\/h5>\t\t\t\t<\/div>\n\t\t\t\t<\/div>\n\t\t\t\t<div class=\"elementor-element elementor-element-0d1c8ba elementor-widget elementor-widget-text-editor\" data-id=\"0d1c8ba\" data-element_type=\"widget\" data-e-type=\"widget\" data-widget_type=\"text-editor.default\">\n\t\t\t\t<div class=\"elementor-widget-container\">\n\t\t\t\t\t\t\t\t\t<ul><li>Unterst\u00fctzung der Holding und der Partnerunternehmen in allen steuerlichen Belangen<\/li><li>Bearbeitung von Fragen des deutschen und europ\u00e4ischen Steuerrechts sowie der Steuerplanung<\/li><\/ul>\t\t\t\t\t\t\t\t<\/div>\n\t\t\t\t<\/div>\n\t\t\t\t<div class=\"elementor-element elementor-element-78df0f5 elementor-widget elementor-widget-heading\" data-id=\"78df0f5\" data-element_type=\"widget\" data-e-type=\"widget\" data-widget_type=\"heading.default\">\n\t\t\t\t<div class=\"elementor-widget-container\">\n\t\t\t\t\t<h5 class=\"elementor-heading-title elementor-size-default\">Das bringst du mit:<\/h5>\t\t\t\t<\/div>\n\t\t\t\t<\/div>\n\t\t\t\t<div class=\"elementor-element elementor-element-168943e elementor-widget elementor-widget-text-editor\" data-id=\"168943e\" data-element_type=\"widget\" data-e-type=\"widget\" data-widget_type=\"text-editor.default\">\n\t\t\t\t<div class=\"elementor-widget-container\">\n\t\t\t\t\t\t\t\t\t<ul><li>Abgeschlossenes wirtschaftswissenschaftliches Studium mit den Schwerpunkten Finance &amp; Accounting, Steuerrecht, BWL und Wirtschafts- und Finanzwissenschaften<\/li><li>Mindestens 3 Jahre Erfahrung im Bereich Rechnungswesen\/Finanzen<\/li><li>Analytische F\u00e4higkeiten und pr\u00e4zise Arbeitsweise<\/li><li>Teamplayer mit Engagement und hohem Verantwortungsbewusstsein<\/li><li>Sehr gute Kommunikationsf\u00e4higkeiten in Deutsch und Englisch<\/li><\/ul>\t\t\t\t\t\t\t\t<\/div>\n\t\t\t\t<\/div>\n\t\t\t\t<div class=\"elementor-element elementor-element-3bf1ad6 elementor-widget elementor-widget-heading\" data-id=\"3bf1ad6\" data-element_type=\"widget\" data-e-type=\"widget\" data-widget_type=\"heading.default\">\n\t\t\t\t<div class=\"elementor-widget-container\">\n\t\t\t\t\t<h5 class=\"elementor-heading-title elementor-size-default\">Das erwartet dich:<\/h5>\t\t\t\t<\/div>\n\t\t\t\t<\/div>\n\t\t\t\t<div class=\"elementor-element elementor-element-8ab9c25 elementor-widget elementor-widget-text-editor\" data-id=\"8ab9c25\" data-element_type=\"widget\" data-e-type=\"widget\" data-widget_type=\"text-editor.default\">\n\t\t\t\t<div class=\"elementor-widget-container\">\n\t\t\t\t\t\t\t\t\t<ul><li>Ein sehr gutes Arbeitsklima, kurze Entscheidungswege und flache Hierarchien<\/li><li>Flexible Home-Office Regelungen sowie die M\u00f6glichkeit von einem unserer Standorte in Deutschland (Neukirchen-Vluyn, Burglengenfeld, Bad Nauheim, Bremerhaven, Versmold, Sinzig am Rhein) zu arbeiten<\/li><li>Eine leistungsgerechte Verg\u00fctung sowie attraktive Zusatzleistungen\u00a0<\/li><\/ul>\t\t\t\t\t\t\t\t<\/div>\n\t\t\t\t<\/div>\n\t\t\t\t<div class=\"elementor-element elementor-element-52adf8f elementor-widget elementor-widget-heading\" data-id=\"52adf8f\" data-element_type=\"widget\" data-e-type=\"widget\" data-widget_type=\"heading.default\">\n\t\t\t\t<div class=\"elementor-widget-container\">\n\t\t\t\t\t<h5 class=\"elementor-heading-title elementor-size-default\">Interessiert?<\/h5>\t\t\t\t<\/div>\n\t\t\t\t<\/div>\n\t\t\t\t<div class=\"elementor-element elementor-element-5da25d6 elementor-widget elementor-widget-text-editor\" data-id=\"5da25d6\" data-element_type=\"widget\" data-e-type=\"widget\" data-widget_type=\"text-editor.default\">\n\t\t\t\t<div class=\"elementor-widget-container\">\n\t\t\t\t\t\t\t\t\tDann freuen wir uns auf deine aussagekr\u00e4ftige Bewerbung (Anschreiben, chronologischer Lebenslauf und relevante Zeugniskopien) in einer PDF-Datei mit dem Betreff \u201eSteuerberater:in (w\/m\/x)\u201c in diesem <a href=\"https:\/\/alcg.eu\/en\/bewerbungen\/\">Formular<\/a>.\t\t\t\t\t\t\t\t<\/div>\n\t\t\t\t<\/div>\n\t\t\t\t<\/div>\n\t\t\t\t\t<\/div>\n\t\t\t\t<\/div>\n\t\t\t\t<\/div>","protected":false},"excerpt":{"rendered":"<p>Steuerberater:in (w\/m\/x) gesucht Deine Aufgaben: Unterst\u00fctzung der Holding und der Partnerunternehmen in allen steuerlichen Belangen Bearbeitung von Fragen des deutschen und europ\u00e4ischen Steuerrechts sowie der Steuerplanung Das bringst du mit: Abgeschlossenes wirtschaftswissenschaftliches Studium mit den Schwerpunkten Finance &amp; Accounting, Steuerrecht, BWL und Wirtschafts- und Finanzwissenschaften Mindestens 3 Jahre Erfahrung im Bereich Rechnungswesen\/Finanzen Analytische F\u00e4higkeiten und [&hellip;]<\/p>\n","protected":false},"author":1,"featured_media":0,"parent":0,"menu_order":6,"comment_status":"closed","ping_status":"closed","template":"","meta":{"_acf_changed":false,"footnotes":""},"class_list":["post-7160","page","type-page","status-publish","hentry"],"acf":[],"yoast_head":"<!-- This site is optimized with the Yoast SEO plugin v27.3 - https:\/\/yoast.com\/product\/yoast-seo-wordpress\/ -->\n<title>Stellenanzeige Steuerberatung - Ariana Laboratories &amp; Consulting Group<\/title>\n<meta name=\"description\" content=\"ALCG \u2013 Ihre Experten f\u00fcr Lebensmittelsicherheit in Europa: Wir bieten Probenahme mit Abholservice, Laboranalysen, HACCP-Konzepte, Audits, Krisenmanagement und fachkundige Beratung \u2013 f\u00fcr h\u00f6chste Sicherheitsstandards.\" \/>\n<meta name=\"robots\" content=\"index, follow, max-snippet:-1, max-image-preview:large, max-video-preview:-1\" \/>\n<link rel=\"canonical\" href=\"https:\/\/alcg.eu\/en\/stellenanzeige-steuerberatung\/\" \/>\n<meta property=\"og:locale\" content=\"en_GB\" \/>\n<meta property=\"og:type\" content=\"article\" \/>\n<meta property=\"og:title\" content=\"Stellenanzeige Steuerberatung - Ariana Laboratories &amp; Consulting Group\" \/>\n<meta property=\"og:description\" content=\"ALCG \u2013 Ihre Experten f\u00fcr Lebensmittelsicherheit in Europa: Wir bieten Probenahme mit Abholservice, Laboranalysen, HACCP-Konzepte, Audits, Krisenmanagement und fachkundige Beratung \u2013 f\u00fcr h\u00f6chste Sicherheitsstandards.\" \/>\n<meta property=\"og:url\" content=\"https:\/\/alcg.eu\/en\/stellenanzeige-steuerberatung\/\" \/>\n<meta property=\"og:site_name\" content=\"Ariana Laboratories &amp; Consulting Group\" \/>\n<meta property=\"article:modified_time\" content=\"2026-04-13T06:46:55+00:00\" \/>\n<meta property=\"og:image\" content=\"https:\/\/alcg.eu\/wp-content\/uploads\/2025\/05\/Steuerberater_in_gesucht_ALCG_Header.webp\" \/>\n\t<meta property=\"og:image:width\" content=\"1281\" \/>\n\t<meta property=\"og:image:height\" content=\"562\" \/>\n\t<meta property=\"og:image:type\" content=\"image\/webp\" \/>\n<meta name=\"twitter:card\" content=\"summary_large_image\" \/>\n<meta name=\"twitter:label1\" content=\"Estimated reading time\" \/>\n\t<meta name=\"twitter:data1\" content=\"1 minute\" \/>\n<script type=\"application\/ld+json\" class=\"yoast-schema-graph\">{\"@context\":\"https:\\\/\\\/schema.org\",\"@graph\":[{\"@type\":\"WebPage\",\"@id\":\"https:\\\/\\\/alcg.eu\\\/stellenanzeige-steuerberatung\\\/\",\"url\":\"https:\\\/\\\/alcg.eu\\\/stellenanzeige-steuerberatung\\\/\",\"name\":\"Stellenanzeige Steuerberatung - Ariana Laboratories &amp; Consulting Group\",\"isPartOf\":{\"@id\":\"https:\\\/\\\/alcg.eu\\\/#website\"},\"primaryImageOfPage\":{\"@id\":\"https:\\\/\\\/alcg.eu\\\/stellenanzeige-steuerberatung\\\/#primaryimage\"},\"image\":{\"@id\":\"https:\\\/\\\/alcg.eu\\\/stellenanzeige-steuerberatung\\\/#primaryimage\"},\"thumbnailUrl\":\"https:\\\/\\\/alcg.eu\\\/wp-content\\\/uploads\\\/2025\\\/05\\\/Steuerberater_in_gesucht_ALCG_Header-1024x449.webp\",\"datePublished\":\"2025-05-27T12:48:23+00:00\",\"dateModified\":\"2026-04-13T06:46:55+00:00\",\"description\":\"ALCG \u2013 Ihre Experten f\u00fcr Lebensmittelsicherheit in Europa: Wir bieten Probenahme mit Abholservice, Laboranalysen, HACCP-Konzepte, Audits, Krisenmanagement und fachkundige Beratung \u2013 f\u00fcr h\u00f6chste Sicherheitsstandards.\",\"breadcrumb\":{\"@id\":\"https:\\\/\\\/alcg.eu\\\/stellenanzeige-steuerberatung\\\/#breadcrumb\"},\"inLanguage\":\"en-GB\",\"potentialAction\":[{\"@type\":\"ReadAction\",\"target\":[\"https:\\\/\\\/alcg.eu\\\/stellenanzeige-steuerberatung\\\/\"]}]},{\"@type\":\"ImageObject\",\"inLanguage\":\"en-GB\",\"@id\":\"https:\\\/\\\/alcg.eu\\\/stellenanzeige-steuerberatung\\\/#primaryimage\",\"url\":\"https:\\\/\\\/alcg.eu\\\/wp-content\\\/uploads\\\/2025\\\/05\\\/Steuerberater_in_gesucht_ALCG_Header-1024x449.webp\",\"contentUrl\":\"https:\\\/\\\/alcg.eu\\\/wp-content\\\/uploads\\\/2025\\\/05\\\/Steuerberater_in_gesucht_ALCG_Header-1024x449.webp\"},{\"@type\":\"BreadcrumbList\",\"@id\":\"https:\\\/\\\/alcg.eu\\\/stellenanzeige-steuerberatung\\\/#breadcrumb\",\"itemListElement\":[{\"@type\":\"ListItem\",\"position\":1,\"name\":\"Home\",\"item\":\"https:\\\/\\\/alcg.eu\\\/\"},{\"@type\":\"ListItem\",\"position\":2,\"name\":\"Stellenanzeige Steuerberatung\"}]},{\"@type\":\"WebSite\",\"@id\":\"https:\\\/\\\/alcg.eu\\\/#website\",\"url\":\"https:\\\/\\\/alcg.eu\\\/\",\"name\":\"Ariana Laboratories & Consulting Group\",\"description\":\"\",\"publisher\":{\"@id\":\"https:\\\/\\\/alcg.eu\\\/#organization\"},\"potentialAction\":[{\"@type\":\"SearchAction\",\"target\":{\"@type\":\"EntryPoint\",\"urlTemplate\":\"https:\\\/\\\/alcg.eu\\\/?s={search_term_string}\"},\"query-input\":{\"@type\":\"PropertyValueSpecification\",\"valueRequired\":true,\"valueName\":\"search_term_string\"}}],\"inLanguage\":\"en-GB\"},{\"@type\":\"Organization\",\"@id\":\"https:\\\/\\\/alcg.eu\\\/#organization\",\"name\":\"Ariana Laboratories & Consulting Group\",\"url\":\"https:\\\/\\\/alcg.eu\\\/\",\"logo\":{\"@type\":\"ImageObject\",\"inLanguage\":\"en-GB\",\"@id\":\"https:\\\/\\\/alcg.eu\\\/#\\\/schema\\\/logo\\\/image\\\/\",\"url\":\"https:\\\/\\\/alcg.eu\\\/wp-content\\\/uploads\\\/2024\\\/09\\\/Ariana_Logo_V03.svg\",\"contentUrl\":\"https:\\\/\\\/alcg.eu\\\/wp-content\\\/uploads\\\/2024\\\/09\\\/Ariana_Logo_V03.svg\",\"width\":317,\"height\":118,\"caption\":\"Ariana Laboratories & Consulting Group\"},\"image\":{\"@id\":\"https:\\\/\\\/alcg.eu\\\/#\\\/schema\\\/logo\\\/image\\\/\"},\"sameAs\":[\"https:\\\/\\\/www.linkedin.com\\\/company\\\/alcgeu\\\/?viewAsMember=true\"]}]}<\/script>\n<!-- \/ Yoast SEO plugin. -->","yoast_head_json":{"title":"Stellenanzeige Steuerberatung - Ariana Laboratories &amp; Consulting Group","description":"ALCG \u2013 Ihre Experten f\u00fcr Lebensmittelsicherheit in Europa: Wir bieten Probenahme mit Abholservice, Laboranalysen, HACCP-Konzepte, Audits, Krisenmanagement und fachkundige Beratung \u2013 f\u00fcr h\u00f6chste Sicherheitsstandards.","robots":{"index":"index","follow":"follow","max-snippet":"max-snippet:-1","max-image-preview":"max-image-preview:large","max-video-preview":"max-video-preview:-1"},"canonical":"https:\/\/alcg.eu\/en\/stellenanzeige-steuerberatung\/","og_locale":"en_GB","og_type":"article","og_title":"Stellenanzeige Steuerberatung - Ariana Laboratories &amp; Consulting Group","og_description":"ALCG \u2013 Ihre Experten f\u00fcr Lebensmittelsicherheit in Europa: Wir bieten Probenahme mit Abholservice, Laboranalysen, HACCP-Konzepte, Audits, Krisenmanagement und fachkundige Beratung \u2013 f\u00fcr h\u00f6chste Sicherheitsstandards.","og_url":"https:\/\/alcg.eu\/en\/stellenanzeige-steuerberatung\/","og_site_name":"Ariana Laboratories &amp; Consulting Group","article_modified_time":"2026-04-13T06:46:55+00:00","og_image":[{"width":1281,"height":562,"url":"https:\/\/alcg.eu\/wp-content\/uploads\/2025\/05\/Steuerberater_in_gesucht_ALCG_Header.webp","type":"image\/webp"}],"twitter_card":"summary_large_image","twitter_misc":{"Estimated reading time":"1 minute"},"schema":{"@context":"https:\/\/schema.org","@graph":[{"@type":"WebPage","@id":"https:\/\/alcg.eu\/stellenanzeige-steuerberatung\/","url":"https:\/\/alcg.eu\/stellenanzeige-steuerberatung\/","name":"Stellenanzeige Steuerberatung - Ariana Laboratories &amp; Consulting Group","isPartOf":{"@id":"https:\/\/alcg.eu\/#website"},"primaryImageOfPage":{"@id":"https:\/\/alcg.eu\/stellenanzeige-steuerberatung\/#primaryimage"},"image":{"@id":"https:\/\/alcg.eu\/stellenanzeige-steuerberatung\/#primaryimage"},"thumbnailUrl":"https:\/\/alcg.eu\/wp-content\/uploads\/2025\/05\/Steuerberater_in_gesucht_ALCG_Header-1024x449.webp","datePublished":"2025-05-27T12:48:23+00:00","dateModified":"2026-04-13T06:46:55+00:00","description":"ALCG \u2013 Ihre Experten f\u00fcr Lebensmittelsicherheit in Europa: Wir bieten Probenahme mit Abholservice, Laboranalysen, HACCP-Konzepte, Audits, Krisenmanagement und fachkundige Beratung \u2013 f\u00fcr h\u00f6chste Sicherheitsstandards.","breadcrumb":{"@id":"https:\/\/alcg.eu\/stellenanzeige-steuerberatung\/#breadcrumb"},"inLanguage":"en-GB","potentialAction":[{"@type":"ReadAction","target":["https:\/\/alcg.eu\/stellenanzeige-steuerberatung\/"]}]},{"@type":"ImageObject","inLanguage":"en-GB","@id":"https:\/\/alcg.eu\/stellenanzeige-steuerberatung\/#primaryimage","url":"https:\/\/alcg.eu\/wp-content\/uploads\/2025\/05\/Steuerberater_in_gesucht_ALCG_Header-1024x449.webp","contentUrl":"https:\/\/alcg.eu\/wp-content\/uploads\/2025\/05\/Steuerberater_in_gesucht_ALCG_Header-1024x449.webp"},{"@type":"BreadcrumbList","@id":"https:\/\/alcg.eu\/stellenanzeige-steuerberatung\/#breadcrumb","itemListElement":[{"@type":"ListItem","position":1,"name":"Home","item":"https:\/\/alcg.eu\/"},{"@type":"ListItem","position":2,"name":"Stellenanzeige Steuerberatung"}]},{"@type":"WebSite","@id":"https:\/\/alcg.eu\/#website","url":"https:\/\/alcg.eu\/","name":"Ariana Laboratories & Consulting Group","description":"","publisher":{"@id":"https:\/\/alcg.eu\/#organization"},"potentialAction":[{"@type":"SearchAction","target":{"@type":"EntryPoint","urlTemplate":"https:\/\/alcg.eu\/?s={search_term_string}"},"query-input":{"@type":"PropertyValueSpecification","valueRequired":true,"valueName":"search_term_string"}}],"inLanguage":"en-GB"},{"@type":"Organization","@id":"https:\/\/alcg.eu\/#organization","name":"Ariana Laboratories & Consulting Group","url":"https:\/\/alcg.eu\/","logo":{"@type":"ImageObject","inLanguage":"en-GB","@id":"https:\/\/alcg.eu\/#\/schema\/logo\/image\/","url":"https:\/\/alcg.eu\/wp-content\/uploads\/2024\/09\/Ariana_Logo_V03.svg","contentUrl":"https:\/\/alcg.eu\/wp-content\/uploads\/2024\/09\/Ariana_Logo_V03.svg","width":317,"height":118,"caption":"Ariana Laboratories & Consulting Group"},"image":{"@id":"https:\/\/alcg.eu\/#\/schema\/logo\/image\/"},"sameAs":["https:\/\/www.linkedin.com\/company\/alcgeu\/?viewAsMember=true"]}]}},"_links":{"self":[{"href":"https:\/\/alcg.eu\/en\/wp-json\/wp\/v2\/pages\/7160","targetHints":{"allow":["GET"]}}],"collection":[{"href":"https:\/\/alcg.eu\/en\/wp-json\/wp\/v2\/pages"}],"about":[{"href":"https:\/\/alcg.eu\/en\/wp-json\/wp\/v2\/types\/page"}],"author":[{"embeddable":true,"href":"https:\/\/alcg.eu\/en\/wp-json\/wp\/v2\/users\/1"}],"replies":[{"embeddable":true,"href":"https:\/\/alcg.eu\/en\/wp-json\/wp\/v2\/comments?post=7160"}],"version-history":[{"count":10,"href":"https:\/\/alcg.eu\/en\/wp-json\/wp\/v2\/pages\/7160\/revisions"}],"predecessor-version":[{"id":9928,"href":"https:\/\/alcg.eu\/en\/wp-json\/wp\/v2\/pages\/7160\/revisions\/9928"}],"wp:attachment":[{"href":"https:\/\/alcg.eu\/en\/wp-json\/wp\/v2\/media?parent=7160"}],"curies":[{"name":"wp","href":"https:\/\/api.w.org\/{rel}","templated":true}]}}