{"id":707,"date":"2024-09-13T12:17:44","date_gmt":"2024-09-13T12:17:44","guid":{"rendered":"http:\/\/a.alcg.eu\/?page_id=707"},"modified":"2026-03-25T00:21:23","modified_gmt":"2026-03-25T00:21:23","slug":"uber-uns","status":"publish","type":"page","link":"https:\/\/alcg.eu\/en\/uber-uns\/","title":{"rendered":"About us"},"content":{"rendered":"\t\t<div data-elementor-type=\"wp-page\" data-elementor-id=\"707\" class=\"elementor elementor-707\" data-elementor-post-type=\"page\">\n\t\t\t\t<div data-particle_enable=\"false\" data-particle-mobile-disabled=\"false\" class=\"elementor-element elementor-element-805d460 e-con-full e-flex e-con e-parent\" data-id=\"805d460\" data-element_type=\"container\" data-e-type=\"container\" data-settings=\"{&quot;background_background&quot;:&quot;classic&quot;}\">\n\t\t\t\t<\/div>\n\t\t<div data-particle_enable=\"false\" data-particle-mobile-disabled=\"false\" class=\"elementor-element elementor-element-0ec412c e-flex e-con-boxed e-con e-parent\" data-id=\"0ec412c\" data-element_type=\"container\" data-e-type=\"container\">\n\t\t\t\t\t<div class=\"e-con-inner\">\n\t\t<div data-particle_enable=\"false\" data-particle-mobile-disabled=\"false\" class=\"elementor-element elementor-element-91a0875 e-con-full e-flex e-con e-child\" data-id=\"91a0875\" data-element_type=\"container\" data-e-type=\"container\">\n\t\t\t\t<div class=\"elementor-element elementor-element-89902d3 animated-fast elementor-invisible elementor-widget elementor-widget-heading\" data-id=\"89902d3\" data-element_type=\"widget\" data-e-type=\"widget\" data-settings=\"{&quot;_animation&quot;:&quot;fadeInLeft&quot;}\" data-widget_type=\"heading.default\">\n\t\t\t\t<div class=\"elementor-widget-container\">\n\t\t\t\t\t<h2 class=\"elementor-heading-title elementor-size-default\">\u00dcber die Ariana Laboratories &amp; Consulting Group<\/h2>\t\t\t\t<\/div>\n\t\t\t\t<\/div>\n\t\t\t\t<div class=\"elementor-element elementor-element-af5ef76 elementor-widget elementor-widget-text-editor\" data-id=\"af5ef76\" data-element_type=\"widget\" data-e-type=\"widget\" data-widget_type=\"text-editor.default\">\n\t\t\t\t<div class=\"elementor-widget-container\">\n\t\t\t\t\t\t\t\t\t<p>Die Ariana Laboratories &amp; Consulting Group ist ein seit Ende 2013 stetig wachsender Laborverbund aus spezialisierten Laboratorien und etablierten Marken. Als international ausgerichtete Gruppe vereint sie umfassende Fachkompetenz in der Lebensmittel-, Futtermittel-, Umwelt- und Wasseranalytik sowie in der labornahen Beratung und Weiterbildung.<\/p><p>Das Leistungsportfolio verbindet hohe fachliche Tiefe mit breiter analytischer Abdeckung. Laboranalysen werden mikrobiologisch, molekularbiologisch, chemisch, histologisch, physikalisch und sensorisch durchgef\u00fchrt \u2013 stets unter Einhaltung aktueller wissenschaftlicher und regulatorischer Vorgaben.<\/p><p>\u00dcber die reine Analytik hinaus begleitet die Gruppe Unternehmen durch fachliche Beratung, professionelles Krisenmanagement, themenspezifische Betriebsaudits, Unterst\u00fctzung im Qualit\u00e4tsmanagement sowie durch praxisorientierte Weiterbildungsformate wie Inhouse-Schulungen, Webinare und E-Learning-Angebote.<\/p><p>Mit Standorten in ganz Deutschland und in Europa gew\u00e4hrleisten wir einen europaweiten Zugang zu Laboruntersuchungen, Schulungs- und Beratungsleistungen \u2013 regional verf\u00fcgbar, zeitnah und passgenau am Bedarf ausgerichtet.<\/p><p>In enger Zusammenarbeit mit f\u00fchrenden Entwicklern von Testsystemen und Testkits entwickeln wir unsere analytischen Verfahren kontinuierlich weiter und integrieren neue Technologien konsequent in unsere t\u00e4glichen Laborprozesse.<\/p><p>Unsere Organisationsstruktur in Verbindung mit fundierter technischer Expertise in der Lebensmittelsicherheit gew\u00e4hrleistet eine effiziente, pr\u00e4zise und verl\u00e4ssliche Umsetzung unserer Leistungen in ganz Europa.<\/p>\t\t\t\t\t\t\t\t<\/div>\n\t\t\t\t<\/div>\n\t\t\t\t<div class=\"elementor-element elementor-element-ae98dd3 elementor-widget elementor-widget-button\" data-id=\"ae98dd3\" data-element_type=\"widget\" data-e-type=\"widget\" data-settings=\"{&quot;_animation&quot;:&quot;none&quot;,&quot;_animation_delay&quot;:10}\" data-widget_type=\"button.default\">\n\t\t\t\t<div class=\"elementor-widget-container\">\n\t\t\t\t\t\t\t\t\t<div class=\"elementor-button-wrapper\">\n\t\t\t\t\t<a class=\"elementor-button elementor-button-link elementor-size-sm\" href=\"http:\/\/alcg.eu\/\/partnerunternehmen\/\" target=\"_blank\">\n\t\t\t\t\t\t<span class=\"elementor-button-content-wrapper\">\n\t\t\t\t\t\t\t\t\t<span class=\"elementor-button-text\">Zu den Partnerunternehmen<\/span>\n\t\t\t\t\t<\/span>\n\t\t\t\t\t<\/a>\n\t\t\t\t<\/div>\n\t\t\t\t\t\t\t\t<\/div>\n\t\t\t\t<\/div>\n\t\t\t\t<\/div>\n\t\t<div data-particle_enable=\"false\" data-particle-mobile-disabled=\"false\" class=\"elementor-element elementor-element-615fc42 e-con-full e-flex e-con e-child\" data-id=\"615fc42\" data-element_type=\"container\" data-e-type=\"container\">\n\t\t\t\t<div class=\"elementor-element elementor-element-f9d67f6 elementor-widget elementor-widget-image\" data-id=\"f9d67f6\" data-element_type=\"widget\" data-e-type=\"widget\" data-widget_type=\"image.default\">\n\t\t\t\t<div class=\"elementor-widget-container\">\n\t\t\t\t\t\t\t\t\t\t\t\t\t\t\t<img fetchpriority=\"high\" decoding=\"async\" width=\"511\" height=\"703\" src=\"https:\/\/alcg.eu\/wp-content\/uploads\/2024\/09\/ueber_uns_ariana_laboratories.webp\" class=\"attachment-large size-large wp-image-723\" alt=\"\" srcset=\"https:\/\/alcg.eu\/wp-content\/uploads\/2024\/09\/ueber_uns_ariana_laboratories.webp 511w, https:\/\/alcg.eu\/wp-content\/uploads\/2024\/09\/ueber_uns_ariana_laboratories-218x300.webp 218w\" sizes=\"(max-width: 511px) 100vw, 511px\" \/>\t\t\t\t\t\t\t\t\t\t\t\t\t\t\t<\/div>\n\t\t\t\t<\/div>\n\t\t\t\t<div class=\"elementor-element elementor-element-8181a11 elementor-widget elementor-widget-image\" data-id=\"8181a11\" data-element_type=\"widget\" data-e-type=\"widget\" data-settings=\"{&quot;motion_fx_motion_fx_scrolling&quot;:&quot;yes&quot;,&quot;motion_fx_devices&quot;:[&quot;desktop&quot;,&quot;tablet&quot;,&quot;mobile&quot;]}\" data-widget_type=\"image.default\">\n\t\t\t\t<div class=\"elementor-widget-container\">\n\t\t\t\t\t\t\t\t\t\t\t\t\t\t\t<img decoding=\"async\" width=\"512\" height=\"512\" src=\"https:\/\/alcg.eu\/wp-content\/uploads\/2024\/09\/Favicon-Ariana.svg\" class=\"attachment-full size-full wp-image-144\" alt=\"DNA Element aus Ariana Laboratories &amp; Consulting Group Logo\" \/>\t\t\t\t\t\t\t\t\t\t\t\t\t\t\t<\/div>\n\t\t\t\t<\/div>\n\t\t\t\t<div class=\"elementor-element elementor-element-75be9d9 elementor-hidden-desktop elementor-hidden-tablet elementor-hidden-mobile elementor-widget elementor-widget-image\" data-id=\"75be9d9\" data-element_type=\"widget\" data-e-type=\"widget\" data-widget_type=\"image.default\">\n\t\t\t\t<div class=\"elementor-widget-container\">\n\t\t\t\t\t\t\t\t\t\t\t\t\t\t\t<img decoding=\"async\" width=\"255\" height=\"186\" src=\"https:\/\/alcg.eu\/wp-content\/uploads\/2024\/09\/ueber_uns_reagenzglaser_klein_ariana_laboratories.webp\" class=\"attachment-large size-large wp-image-721\" alt=\"\" \/>\t\t\t\t\t\t\t\t\t\t\t\t\t\t\t<\/div>\n\t\t\t\t<\/div>\n\t\t\t\t<\/div>\n\t\t\t\t\t<\/div>\n\t\t\t\t<\/div>\n\t\t\t\t<\/div>\n\t\t","protected":false},"excerpt":{"rendered":"<p>\u00dcber die Ariana Laboratories &amp; Consulting Group Die Ariana Laboratories &amp; Consulting Group ist ein seit Ende 2013 stetig wachsender Laborverbund aus spezialisierten Laboratorien und etablierten Marken. Als international ausgerichtete Gruppe vereint sie umfassende Fachkompetenz in der Lebensmittel-, Futtermittel-, Umwelt- und Wasseranalytik sowie in der labornahen Beratung und Weiterbildung. Das Leistungsportfolio verbindet hohe fachliche Tiefe [&hellip;]<\/p>\n","protected":false},"author":1,"featured_media":0,"parent":0,"menu_order":2,"comment_status":"closed","ping_status":"closed","template":"","meta":{"_acf_changed":false,"footnotes":""},"class_list":["post-707","page","type-page","status-publish","hentry"],"acf":[],"yoast_head":"<!-- This site is optimized with the Yoast SEO plugin v27.3 - https:\/\/yoast.com\/product\/yoast-seo-wordpress\/ -->\n<title>\u00dcber uns - Ariana Laboratories &amp; Consulting Group<\/title>\n<meta name=\"description\" content=\"ALCG \u2013 Ihre Experten f\u00fcr Lebensmittelsicherheit in Europa: Wir bieten Probenahme mit Abholservice, Laboranalysen, HACCP-Konzepte, Audits, Krisenmanagement und fachkundige Beratung \u2013 f\u00fcr h\u00f6chste Sicherheitsstandards.\" \/>\n<meta name=\"robots\" content=\"index, follow, max-snippet:-1, max-image-preview:large, max-video-preview:-1\" \/>\n<link rel=\"canonical\" href=\"https:\/\/alcg.eu\/en\/uber-uns\/\" \/>\n<meta property=\"og:locale\" content=\"en_GB\" \/>\n<meta property=\"og:type\" content=\"article\" \/>\n<meta property=\"og:title\" content=\"\u00dcber uns - Ariana Laboratories &amp; Consulting Group\" \/>\n<meta property=\"og:description\" content=\"ALCG \u2013 Ihre Experten f\u00fcr Lebensmittelsicherheit in Europa: Wir bieten Probenahme mit Abholservice, Laboranalysen, HACCP-Konzepte, Audits, Krisenmanagement und fachkundige Beratung \u2013 f\u00fcr h\u00f6chste Sicherheitsstandards.\" \/>\n<meta property=\"og:url\" content=\"https:\/\/alcg.eu\/en\/uber-uns\/\" \/>\n<meta property=\"og:site_name\" content=\"Ariana Laboratories &amp; Consulting Group\" \/>\n<meta property=\"article:modified_time\" content=\"2026-03-25T00:21:23+00:00\" \/>\n<meta property=\"og:image\" content=\"https:\/\/alcg.eu\/wp-content\/uploads\/2024\/09\/ueber_uns_ariana_laboratories.webp\" \/>\n\t<meta property=\"og:image:width\" content=\"511\" \/>\n\t<meta property=\"og:image:height\" content=\"703\" \/>\n\t<meta property=\"og:image:type\" content=\"image\/webp\" \/>\n<meta name=\"twitter:card\" content=\"summary_large_image\" \/>\n<meta name=\"twitter:label1\" content=\"Estimated reading time\" \/>\n\t<meta name=\"twitter:data1\" content=\"2 minutes\" \/>\n<script type=\"application\/ld+json\" class=\"yoast-schema-graph\">{\"@context\":\"https:\\\/\\\/schema.org\",\"@graph\":[{\"@type\":\"WebPage\",\"@id\":\"https:\\\/\\\/alcg.eu\\\/uber-uns\\\/\",\"url\":\"https:\\\/\\\/alcg.eu\\\/uber-uns\\\/\",\"name\":\"\u00dcber uns - Ariana Laboratories &amp; Consulting Group\",\"isPartOf\":{\"@id\":\"https:\\\/\\\/alcg.eu\\\/#website\"},\"primaryImageOfPage\":{\"@id\":\"https:\\\/\\\/alcg.eu\\\/uber-uns\\\/#primaryimage\"},\"image\":{\"@id\":\"https:\\\/\\\/alcg.eu\\\/uber-uns\\\/#primaryimage\"},\"thumbnailUrl\":\"https:\\\/\\\/alcg.eu\\\/wp-content\\\/uploads\\\/2024\\\/09\\\/ueber_uns_ariana_laboratories.webp\",\"datePublished\":\"2024-09-13T12:17:44+00:00\",\"dateModified\":\"2026-03-25T00:21:23+00:00\",\"description\":\"ALCG \u2013 Ihre Experten f\u00fcr Lebensmittelsicherheit in Europa: Wir bieten Probenahme mit Abholservice, Laboranalysen, HACCP-Konzepte, Audits, Krisenmanagement und fachkundige Beratung \u2013 f\u00fcr h\u00f6chste Sicherheitsstandards.\",\"breadcrumb\":{\"@id\":\"https:\\\/\\\/alcg.eu\\\/uber-uns\\\/#breadcrumb\"},\"inLanguage\":\"en-GB\",\"potentialAction\":[{\"@type\":\"ReadAction\",\"target\":[\"https:\\\/\\\/alcg.eu\\\/uber-uns\\\/\"]}]},{\"@type\":\"ImageObject\",\"inLanguage\":\"en-GB\",\"@id\":\"https:\\\/\\\/alcg.eu\\\/uber-uns\\\/#primaryimage\",\"url\":\"https:\\\/\\\/alcg.eu\\\/wp-content\\\/uploads\\\/2024\\\/09\\\/ueber_uns_ariana_laboratories.webp\",\"contentUrl\":\"https:\\\/\\\/alcg.eu\\\/wp-content\\\/uploads\\\/2024\\\/09\\\/ueber_uns_ariana_laboratories.webp\"},{\"@type\":\"BreadcrumbList\",\"@id\":\"https:\\\/\\\/alcg.eu\\\/uber-uns\\\/#breadcrumb\",\"itemListElement\":[{\"@type\":\"ListItem\",\"position\":1,\"name\":\"Home\",\"item\":\"https:\\\/\\\/alcg.eu\\\/\"},{\"@type\":\"ListItem\",\"position\":2,\"name\":\"\u00dcber uns\"}]},{\"@type\":\"WebSite\",\"@id\":\"https:\\\/\\\/alcg.eu\\\/#website\",\"url\":\"https:\\\/\\\/alcg.eu\\\/\",\"name\":\"Ariana Laboratories & Consulting Group\",\"description\":\"\",\"publisher\":{\"@id\":\"https:\\\/\\\/alcg.eu\\\/#organization\"},\"potentialAction\":[{\"@type\":\"SearchAction\",\"target\":{\"@type\":\"EntryPoint\",\"urlTemplate\":\"https:\\\/\\\/alcg.eu\\\/?s={search_term_string}\"},\"query-input\":{\"@type\":\"PropertyValueSpecification\",\"valueRequired\":true,\"valueName\":\"search_term_string\"}}],\"inLanguage\":\"en-GB\"},{\"@type\":\"Organization\",\"@id\":\"https:\\\/\\\/alcg.eu\\\/#organization\",\"name\":\"Ariana Laboratories & Consulting Group\",\"url\":\"https:\\\/\\\/alcg.eu\\\/\",\"logo\":{\"@type\":\"ImageObject\",\"inLanguage\":\"en-GB\",\"@id\":\"https:\\\/\\\/alcg.eu\\\/#\\\/schema\\\/logo\\\/image\\\/\",\"url\":\"https:\\\/\\\/alcg.eu\\\/wp-content\\\/uploads\\\/2024\\\/09\\\/Ariana_Logo_V03.svg\",\"contentUrl\":\"https:\\\/\\\/alcg.eu\\\/wp-content\\\/uploads\\\/2024\\\/09\\\/Ariana_Logo_V03.svg\",\"width\":317,\"height\":118,\"caption\":\"Ariana Laboratories & Consulting Group\"},\"image\":{\"@id\":\"https:\\\/\\\/alcg.eu\\\/#\\\/schema\\\/logo\\\/image\\\/\"},\"sameAs\":[\"https:\\\/\\\/www.linkedin.com\\\/company\\\/alcgeu\\\/?viewAsMember=true\"]}]}<\/script>\n<!-- \/ Yoast SEO plugin. -->","yoast_head_json":{"title":"\u00dcber uns - Ariana Laboratories &amp; Consulting Group","description":"ALCG \u2013 Ihre Experten f\u00fcr Lebensmittelsicherheit in Europa: Wir bieten Probenahme mit Abholservice, Laboranalysen, HACCP-Konzepte, Audits, Krisenmanagement und fachkundige Beratung \u2013 f\u00fcr h\u00f6chste Sicherheitsstandards.","robots":{"index":"index","follow":"follow","max-snippet":"max-snippet:-1","max-image-preview":"max-image-preview:large","max-video-preview":"max-video-preview:-1"},"canonical":"https:\/\/alcg.eu\/en\/uber-uns\/","og_locale":"en_GB","og_type":"article","og_title":"\u00dcber uns - Ariana Laboratories &amp; Consulting Group","og_description":"ALCG \u2013 Ihre Experten f\u00fcr Lebensmittelsicherheit in Europa: Wir bieten Probenahme mit Abholservice, Laboranalysen, HACCP-Konzepte, Audits, Krisenmanagement und fachkundige Beratung \u2013 f\u00fcr h\u00f6chste Sicherheitsstandards.","og_url":"https:\/\/alcg.eu\/en\/uber-uns\/","og_site_name":"Ariana Laboratories &amp; Consulting Group","article_modified_time":"2026-03-25T00:21:23+00:00","og_image":[{"width":511,"height":703,"url":"https:\/\/alcg.eu\/wp-content\/uploads\/2024\/09\/ueber_uns_ariana_laboratories.webp","type":"image\/webp"}],"twitter_card":"summary_large_image","twitter_misc":{"Estimated reading time":"2 minutes"},"schema":{"@context":"https:\/\/schema.org","@graph":[{"@type":"WebPage","@id":"https:\/\/alcg.eu\/uber-uns\/","url":"https:\/\/alcg.eu\/uber-uns\/","name":"\u00dcber uns - Ariana Laboratories &amp; Consulting Group","isPartOf":{"@id":"https:\/\/alcg.eu\/#website"},"primaryImageOfPage":{"@id":"https:\/\/alcg.eu\/uber-uns\/#primaryimage"},"image":{"@id":"https:\/\/alcg.eu\/uber-uns\/#primaryimage"},"thumbnailUrl":"https:\/\/alcg.eu\/wp-content\/uploads\/2024\/09\/ueber_uns_ariana_laboratories.webp","datePublished":"2024-09-13T12:17:44+00:00","dateModified":"2026-03-25T00:21:23+00:00","description":"ALCG \u2013 Ihre Experten f\u00fcr Lebensmittelsicherheit in Europa: Wir bieten Probenahme mit Abholservice, Laboranalysen, HACCP-Konzepte, Audits, Krisenmanagement und fachkundige Beratung \u2013 f\u00fcr h\u00f6chste Sicherheitsstandards.","breadcrumb":{"@id":"https:\/\/alcg.eu\/uber-uns\/#breadcrumb"},"inLanguage":"en-GB","potentialAction":[{"@type":"ReadAction","target":["https:\/\/alcg.eu\/uber-uns\/"]}]},{"@type":"ImageObject","inLanguage":"en-GB","@id":"https:\/\/alcg.eu\/uber-uns\/#primaryimage","url":"https:\/\/alcg.eu\/wp-content\/uploads\/2024\/09\/ueber_uns_ariana_laboratories.webp","contentUrl":"https:\/\/alcg.eu\/wp-content\/uploads\/2024\/09\/ueber_uns_ariana_laboratories.webp"},{"@type":"BreadcrumbList","@id":"https:\/\/alcg.eu\/uber-uns\/#breadcrumb","itemListElement":[{"@type":"ListItem","position":1,"name":"Home","item":"https:\/\/alcg.eu\/"},{"@type":"ListItem","position":2,"name":"\u00dcber uns"}]},{"@type":"WebSite","@id":"https:\/\/alcg.eu\/#website","url":"https:\/\/alcg.eu\/","name":"Ariana Laboratories & Consulting Group","description":"","publisher":{"@id":"https:\/\/alcg.eu\/#organization"},"potentialAction":[{"@type":"SearchAction","target":{"@type":"EntryPoint","urlTemplate":"https:\/\/alcg.eu\/?s={search_term_string}"},"query-input":{"@type":"PropertyValueSpecification","valueRequired":true,"valueName":"search_term_string"}}],"inLanguage":"en-GB"},{"@type":"Organization","@id":"https:\/\/alcg.eu\/#organization","name":"Ariana Laboratories & Consulting Group","url":"https:\/\/alcg.eu\/","logo":{"@type":"ImageObject","inLanguage":"en-GB","@id":"https:\/\/alcg.eu\/#\/schema\/logo\/image\/","url":"https:\/\/alcg.eu\/wp-content\/uploads\/2024\/09\/Ariana_Logo_V03.svg","contentUrl":"https:\/\/alcg.eu\/wp-content\/uploads\/2024\/09\/Ariana_Logo_V03.svg","width":317,"height":118,"caption":"Ariana Laboratories & Consulting Group"},"image":{"@id":"https:\/\/alcg.eu\/#\/schema\/logo\/image\/"},"sameAs":["https:\/\/www.linkedin.com\/company\/alcgeu\/?viewAsMember=true"]}]}},"_links":{"self":[{"href":"https:\/\/alcg.eu\/en\/wp-json\/wp\/v2\/pages\/707","targetHints":{"allow":["GET"]}}],"collection":[{"href":"https:\/\/alcg.eu\/en\/wp-json\/wp\/v2\/pages"}],"about":[{"href":"https:\/\/alcg.eu\/en\/wp-json\/wp\/v2\/types\/page"}],"author":[{"embeddable":true,"href":"https:\/\/alcg.eu\/en\/wp-json\/wp\/v2\/users\/1"}],"replies":[{"embeddable":true,"href":"https:\/\/alcg.eu\/en\/wp-json\/wp\/v2\/comments?post=707"}],"version-history":[{"count":11,"href":"https:\/\/alcg.eu\/en\/wp-json\/wp\/v2\/pages\/707\/revisions"}],"predecessor-version":[{"id":10086,"href":"https:\/\/alcg.eu\/en\/wp-json\/wp\/v2\/pages\/707\/revisions\/10086"}],"wp:attachment":[{"href":"https:\/\/alcg.eu\/en\/wp-json\/wp\/v2\/media?parent=707"}],"curies":[{"name":"wp","href":"https:\/\/api.w.org\/{rel}","templated":true}]}}