{"id":6975,"date":"2025-05-14T09:34:10","date_gmt":"2025-05-14T09:34:10","guid":{"rendered":"https:\/\/alcg.eu\/?page_id=6975"},"modified":"2026-04-13T06:54:23","modified_gmt":"2026-04-13T06:54:23","slug":"stellenanzeige-buchhaltung","status":"publish","type":"page","link":"https:\/\/alcg.eu\/en\/stellenanzeige-buchhaltung\/","title":{"rendered":"Stellenanzeige Buchhaltung"},"content":{"rendered":"<div data-elementor-type=\"wp-page\" data-elementor-id=\"6975\" class=\"elementor elementor-6975\" data-elementor-post-type=\"page\">\n\t\t\t\t<div data-particle_enable=\"false\" data-particle-mobile-disabled=\"false\" class=\"elementor-element elementor-element-0ec412c e-flex e-con-boxed e-con e-parent\" data-id=\"0ec412c\" data-element_type=\"container\" data-e-type=\"container\">\n\t\t\t\t\t<div class=\"e-con-inner\">\n\t\t\t\t<div class=\"elementor-element elementor-element-52a2236 elementor-widget__width-inherit elementor-widget elementor-widget-image\" data-id=\"52a2236\" data-element_type=\"widget\" data-e-type=\"widget\" data-widget_type=\"image.default\">\n\t\t\t\t<div class=\"elementor-widget-container\">\n\t\t\t\t\t\t\t\t\t\t\t\t\t\t\t<img fetchpriority=\"high\" decoding=\"async\" width=\"800\" height=\"351\" src=\"https:\/\/alcg.eu\/wp-content\/uploads\/2025\/05\/Stellenanzeige_Buchhaltung_ALCG-1024x449.webp\" class=\"attachment-large size-large wp-image-6990\" alt=\"Hand bedient Taschenrechner, Unterlagen mit Diagrammen und Laptop auf Schreibtisch im Hintergrund\" srcset=\"https:\/\/alcg.eu\/wp-content\/uploads\/2025\/05\/Stellenanzeige_Buchhaltung_ALCG-1024x449.webp 1024w, https:\/\/alcg.eu\/wp-content\/uploads\/2025\/05\/Stellenanzeige_Buchhaltung_ALCG-300x132.webp 300w, https:\/\/alcg.eu\/wp-content\/uploads\/2025\/05\/Stellenanzeige_Buchhaltung_ALCG-768x337.webp 768w, https:\/\/alcg.eu\/wp-content\/uploads\/2025\/05\/Stellenanzeige_Buchhaltung_ALCG-18x8.webp 18w, https:\/\/alcg.eu\/wp-content\/uploads\/2025\/05\/Stellenanzeige_Buchhaltung_ALCG.webp 1281w\" sizes=\"(max-width: 800px) 100vw, 800px\" \/>\t\t\t\t\t\t\t\t\t\t\t\t\t\t\t<\/div>\n\t\t\t\t<\/div>\n\t\t\t\t\t<\/div>\n\t\t\t\t<\/div>\n\t\t<div data-particle_enable=\"false\" data-particle-mobile-disabled=\"false\" class=\"elementor-element elementor-element-7641cc7 e-flex e-con-boxed e-con e-parent\" data-id=\"7641cc7\" data-element_type=\"container\" data-e-type=\"container\">\n\t\t\t\t\t<div class=\"e-con-inner\">\n\t\t\t\t<div class=\"elementor-element elementor-element-652591c elementor-widget elementor-widget-heading\" data-id=\"652591c\" data-element_type=\"widget\" data-e-type=\"widget\" data-widget_type=\"heading.default\">\n\t\t\t\t<div class=\"elementor-widget-container\">\n\t\t\t\t\t<h2 class=\"elementor-heading-title elementor-size-default\">Buchhalter:in (w\/m\/x) gesucht<\/h2>\t\t\t\t<\/div>\n\t\t\t\t<\/div>\n\t\t\t\t\t<\/div>\n\t\t\t\t<\/div>\n\t\t<div data-particle_enable=\"false\" data-particle-mobile-disabled=\"false\" class=\"elementor-element elementor-element-9f54ef8 e-flex e-con-boxed e-con e-parent\" data-id=\"9f54ef8\" data-element_type=\"container\" data-e-type=\"container\">\n\t\t\t\t\t<div class=\"e-con-inner\">\n\t\t<div data-particle_enable=\"false\" data-particle-mobile-disabled=\"false\" class=\"elementor-element elementor-element-3d5dacb e-con-full e-flex e-con e-child\" data-id=\"3d5dacb\" data-element_type=\"container\" data-e-type=\"container\">\n\t\t\t\t<div class=\"elementor-element elementor-element-36cad3d elementor-widget elementor-widget-heading\" data-id=\"36cad3d\" data-element_type=\"widget\" data-e-type=\"widget\" data-widget_type=\"heading.default\">\n\t\t\t\t<div class=\"elementor-widget-container\">\n\t\t\t\t\t<h5 class=\"elementor-heading-title elementor-size-default\">Deine Aufgaben:<\/h5>\t\t\t\t<\/div>\n\t\t\t\t<\/div>\n\t\t\t\t<div class=\"elementor-element elementor-element-0d1c8ba elementor-widget elementor-widget-text-editor\" data-id=\"0d1c8ba\" data-element_type=\"widget\" data-e-type=\"widget\" data-widget_type=\"text-editor.default\">\n\t\t\t\t<div class=\"elementor-widget-container\">\n\t\t\t\t\t\t\t\t\t<ul><li>Unterst\u00fctzung der Holding und der Partnerunternehmen in allen Aufgaben des Rechnungswesens<\/li><li>Durchf\u00fchrung von Finanzpr\u00fcfungen<\/li><li>Vorbereitung von Monats- und Jahresabschl\u00fcssen<\/li><\/ul>\t\t\t\t\t\t\t\t<\/div>\n\t\t\t\t<\/div>\n\t\t\t\t<div class=\"elementor-element elementor-element-78df0f5 elementor-widget elementor-widget-heading\" data-id=\"78df0f5\" data-element_type=\"widget\" data-e-type=\"widget\" data-widget_type=\"heading.default\">\n\t\t\t\t<div class=\"elementor-widget-container\">\n\t\t\t\t\t<h5 class=\"elementor-heading-title elementor-size-default\">Das bringst du mit:<\/h5>\t\t\t\t<\/div>\n\t\t\t\t<\/div>\n\t\t\t\t<div class=\"elementor-element elementor-element-168943e elementor-widget elementor-widget-text-editor\" data-id=\"168943e\" data-element_type=\"widget\" data-e-type=\"widget\" data-widget_type=\"text-editor.default\">\n\t\t\t\t<div class=\"elementor-widget-container\">\n\t\t\t\t\t\t\t\t\t<ul><li>Abgeschlossenes betriebswirtschaftliches Studium<\/li><li>Mindestens 3 Jahre Erfahrung im Bereich Rechnungswesen\/Finanzen<\/li><li>Analytische F\u00e4higkeiten und pr\u00e4zise Arbeitsweise<\/li><li>Teamplayer mit Engagement und hohem Verantwortungsbewusstsein<\/li><li>Sehr gute Kommunikationsf\u00e4higkeiten in Deutsch und Englisch<\/li><\/ul>\t\t\t\t\t\t\t\t<\/div>\n\t\t\t\t<\/div>\n\t\t\t\t<div class=\"elementor-element elementor-element-3bf1ad6 elementor-widget elementor-widget-heading\" data-id=\"3bf1ad6\" data-element_type=\"widget\" data-e-type=\"widget\" data-widget_type=\"heading.default\">\n\t\t\t\t<div class=\"elementor-widget-container\">\n\t\t\t\t\t<h5 class=\"elementor-heading-title elementor-size-default\">Das erwartet dich:<\/h5>\t\t\t\t<\/div>\n\t\t\t\t<\/div>\n\t\t\t\t<div class=\"elementor-element elementor-element-8ab9c25 elementor-widget elementor-widget-text-editor\" data-id=\"8ab9c25\" data-element_type=\"widget\" data-e-type=\"widget\" data-widget_type=\"text-editor.default\">\n\t\t\t\t<div class=\"elementor-widget-container\">\n\t\t\t\t\t\t\t\t\t<ul><li>Ein sehr gutes Arbeitsklima, kurze Entscheidungswege und flache Hierarchien<\/li><li>Flexible Home-Office Regelungen sowie die M\u00f6glichkeit von einem unserer Standorte in Deutschland (Neukirchen-Vluyn, Burglengenfeld, Bad Nauheim, Bremerhaven, Versmold, Sinzig am Rhein) zu arbeiten<\/li><li>Eine leistungsgerechte Verg\u00fctung sowie attraktive Zusatzleistungen\u00a0<\/li><\/ul>\t\t\t\t\t\t\t\t<\/div>\n\t\t\t\t<\/div>\n\t\t\t\t<div class=\"elementor-element elementor-element-52adf8f elementor-widget elementor-widget-heading\" data-id=\"52adf8f\" data-element_type=\"widget\" data-e-type=\"widget\" data-widget_type=\"heading.default\">\n\t\t\t\t<div class=\"elementor-widget-container\">\n\t\t\t\t\t<h5 class=\"elementor-heading-title elementor-size-default\">Interessiert?<\/h5>\t\t\t\t<\/div>\n\t\t\t\t<\/div>\n\t\t\t\t<div class=\"elementor-element elementor-element-5da25d6 elementor-widget elementor-widget-text-editor\" data-id=\"5da25d6\" data-element_type=\"widget\" data-e-type=\"widget\" data-widget_type=\"text-editor.default\">\n\t\t\t\t<div class=\"elementor-widget-container\">\n\t\t\t\t\t\t\t\t\tDann freuen wir uns auf deine aussagekr\u00e4ftige Bewerbung (Anschreiben, chronologischer Lebenslauf und relevante Zeugniskopien) in einer PDF-Datei mit dem Betreff \u201eBuchhalter:in (w\/m\/x)\u201c in diesem <a href=\"https:\/\/alcg.eu\/en\/bewerbungen\/\">Formular<\/a>.\t\t\t\t\t\t\t\t<\/div>\n\t\t\t\t<\/div>\n\t\t\t\t<\/div>\n\t\t\t\t\t<\/div>\n\t\t\t\t<\/div>\n\t\t\t\t<\/div>","protected":false},"excerpt":{"rendered":"<p>Buchhalter:in (w\/m\/x) gesucht Deine Aufgaben: Unterst\u00fctzung der Holding und der Partnerunternehmen in allen Aufgaben des Rechnungswesens Durchf\u00fchrung von Finanzpr\u00fcfungen Vorbereitung von Monats- und Jahresabschl\u00fcssen Das bringst du mit: Abgeschlossenes betriebswirtschaftliches Studium Mindestens 3 Jahre Erfahrung im Bereich Rechnungswesen\/Finanzen Analytische F\u00e4higkeiten und pr\u00e4zise Arbeitsweise Teamplayer mit Engagement und hohem Verantwortungsbewusstsein Sehr gute Kommunikationsf\u00e4higkeiten in Deutsch und [&hellip;]<\/p>\n","protected":false},"author":1,"featured_media":0,"parent":0,"menu_order":6,"comment_status":"closed","ping_status":"closed","template":"","meta":{"_acf_changed":false,"footnotes":""},"class_list":["post-6975","page","type-page","status-publish","hentry"],"acf":[],"yoast_head":"<!-- This site is optimized with the Yoast SEO plugin v27.3 - https:\/\/yoast.com\/product\/yoast-seo-wordpress\/ -->\n<title>Stellenanzeige Buchhaltung - Ariana Laboratories &amp; Consulting Group<\/title>\n<meta name=\"description\" content=\"ALCG \u2013 Ihre Experten f\u00fcr Lebensmittelsicherheit in Europa: Wir bieten Probenahme mit Abholservice, Laboranalysen, HACCP-Konzepte, Audits, Krisenmanagement und fachkundige Beratung \u2013 f\u00fcr h\u00f6chste Sicherheitsstandards.\" \/>\n<meta name=\"robots\" content=\"index, follow, max-snippet:-1, max-image-preview:large, max-video-preview:-1\" \/>\n<link rel=\"canonical\" href=\"https:\/\/alcg.eu\/en\/stellenanzeige-buchhaltung\/\" \/>\n<meta property=\"og:locale\" content=\"en_GB\" \/>\n<meta property=\"og:type\" content=\"article\" \/>\n<meta property=\"og:title\" content=\"Stellenanzeige Buchhaltung - Ariana Laboratories &amp; Consulting Group\" \/>\n<meta property=\"og:description\" content=\"ALCG \u2013 Ihre Experten f\u00fcr Lebensmittelsicherheit in Europa: Wir bieten Probenahme mit Abholservice, Laboranalysen, HACCP-Konzepte, Audits, Krisenmanagement und fachkundige Beratung \u2013 f\u00fcr h\u00f6chste Sicherheitsstandards.\" \/>\n<meta property=\"og:url\" content=\"https:\/\/alcg.eu\/en\/stellenanzeige-buchhaltung\/\" \/>\n<meta property=\"og:site_name\" content=\"Ariana Laboratories &amp; Consulting Group\" \/>\n<meta property=\"article:modified_time\" content=\"2026-04-13T06:54:23+00:00\" \/>\n<meta property=\"og:image\" content=\"https:\/\/alcg.eu\/wp-content\/uploads\/2025\/05\/Stellenanzeige_Buchhaltung_ALCG.webp\" \/>\n\t<meta property=\"og:image:width\" content=\"1281\" \/>\n\t<meta property=\"og:image:height\" content=\"562\" \/>\n\t<meta property=\"og:image:type\" content=\"image\/webp\" \/>\n<meta name=\"twitter:card\" content=\"summary_large_image\" \/>\n<meta name=\"twitter:label1\" content=\"Estimated reading time\" \/>\n\t<meta name=\"twitter:data1\" content=\"1 minute\" \/>\n<script type=\"application\/ld+json\" class=\"yoast-schema-graph\">{\"@context\":\"https:\\\/\\\/schema.org\",\"@graph\":[{\"@type\":\"WebPage\",\"@id\":\"https:\\\/\\\/alcg.eu\\\/stellenanzeige-buchhaltung\\\/\",\"url\":\"https:\\\/\\\/alcg.eu\\\/stellenanzeige-buchhaltung\\\/\",\"name\":\"Stellenanzeige Buchhaltung - Ariana Laboratories &amp; Consulting Group\",\"isPartOf\":{\"@id\":\"https:\\\/\\\/alcg.eu\\\/#website\"},\"primaryImageOfPage\":{\"@id\":\"https:\\\/\\\/alcg.eu\\\/stellenanzeige-buchhaltung\\\/#primaryimage\"},\"image\":{\"@id\":\"https:\\\/\\\/alcg.eu\\\/stellenanzeige-buchhaltung\\\/#primaryimage\"},\"thumbnailUrl\":\"https:\\\/\\\/alcg.eu\\\/wp-content\\\/uploads\\\/2025\\\/05\\\/Stellenanzeige_Buchhaltung_ALCG-1024x449.webp\",\"datePublished\":\"2025-05-14T09:34:10+00:00\",\"dateModified\":\"2026-04-13T06:54:23+00:00\",\"description\":\"ALCG \u2013 Ihre Experten f\u00fcr Lebensmittelsicherheit in Europa: Wir bieten Probenahme mit Abholservice, Laboranalysen, HACCP-Konzepte, Audits, Krisenmanagement und fachkundige Beratung \u2013 f\u00fcr h\u00f6chste Sicherheitsstandards.\",\"breadcrumb\":{\"@id\":\"https:\\\/\\\/alcg.eu\\\/stellenanzeige-buchhaltung\\\/#breadcrumb\"},\"inLanguage\":\"en-GB\",\"potentialAction\":[{\"@type\":\"ReadAction\",\"target\":[\"https:\\\/\\\/alcg.eu\\\/stellenanzeige-buchhaltung\\\/\"]}]},{\"@type\":\"ImageObject\",\"inLanguage\":\"en-GB\",\"@id\":\"https:\\\/\\\/alcg.eu\\\/stellenanzeige-buchhaltung\\\/#primaryimage\",\"url\":\"https:\\\/\\\/alcg.eu\\\/wp-content\\\/uploads\\\/2025\\\/05\\\/Stellenanzeige_Buchhaltung_ALCG-1024x449.webp\",\"contentUrl\":\"https:\\\/\\\/alcg.eu\\\/wp-content\\\/uploads\\\/2025\\\/05\\\/Stellenanzeige_Buchhaltung_ALCG-1024x449.webp\"},{\"@type\":\"BreadcrumbList\",\"@id\":\"https:\\\/\\\/alcg.eu\\\/stellenanzeige-buchhaltung\\\/#breadcrumb\",\"itemListElement\":[{\"@type\":\"ListItem\",\"position\":1,\"name\":\"Home\",\"item\":\"https:\\\/\\\/alcg.eu\\\/\"},{\"@type\":\"ListItem\",\"position\":2,\"name\":\"Stellenanzeige Buchhaltung\"}]},{\"@type\":\"WebSite\",\"@id\":\"https:\\\/\\\/alcg.eu\\\/#website\",\"url\":\"https:\\\/\\\/alcg.eu\\\/\",\"name\":\"Ariana Laboratories & Consulting Group\",\"description\":\"\",\"publisher\":{\"@id\":\"https:\\\/\\\/alcg.eu\\\/#organization\"},\"potentialAction\":[{\"@type\":\"SearchAction\",\"target\":{\"@type\":\"EntryPoint\",\"urlTemplate\":\"https:\\\/\\\/alcg.eu\\\/?s={search_term_string}\"},\"query-input\":{\"@type\":\"PropertyValueSpecification\",\"valueRequired\":true,\"valueName\":\"search_term_string\"}}],\"inLanguage\":\"en-GB\"},{\"@type\":\"Organization\",\"@id\":\"https:\\\/\\\/alcg.eu\\\/#organization\",\"name\":\"Ariana Laboratories & Consulting Group\",\"url\":\"https:\\\/\\\/alcg.eu\\\/\",\"logo\":{\"@type\":\"ImageObject\",\"inLanguage\":\"en-GB\",\"@id\":\"https:\\\/\\\/alcg.eu\\\/#\\\/schema\\\/logo\\\/image\\\/\",\"url\":\"https:\\\/\\\/alcg.eu\\\/wp-content\\\/uploads\\\/2024\\\/09\\\/Ariana_Logo_V03.svg\",\"contentUrl\":\"https:\\\/\\\/alcg.eu\\\/wp-content\\\/uploads\\\/2024\\\/09\\\/Ariana_Logo_V03.svg\",\"width\":317,\"height\":118,\"caption\":\"Ariana Laboratories & Consulting Group\"},\"image\":{\"@id\":\"https:\\\/\\\/alcg.eu\\\/#\\\/schema\\\/logo\\\/image\\\/\"},\"sameAs\":[\"https:\\\/\\\/www.linkedin.com\\\/company\\\/alcgeu\\\/?viewAsMember=true\"]}]}<\/script>\n<!-- \/ Yoast SEO plugin. -->","yoast_head_json":{"title":"Stellenanzeige Buchhaltung - Ariana Laboratories &amp; Consulting Group","description":"ALCG \u2013 Ihre Experten f\u00fcr Lebensmittelsicherheit in Europa: Wir bieten Probenahme mit Abholservice, Laboranalysen, HACCP-Konzepte, Audits, Krisenmanagement und fachkundige Beratung \u2013 f\u00fcr h\u00f6chste Sicherheitsstandards.","robots":{"index":"index","follow":"follow","max-snippet":"max-snippet:-1","max-image-preview":"max-image-preview:large","max-video-preview":"max-video-preview:-1"},"canonical":"https:\/\/alcg.eu\/en\/stellenanzeige-buchhaltung\/","og_locale":"en_GB","og_type":"article","og_title":"Stellenanzeige Buchhaltung - Ariana Laboratories &amp; Consulting Group","og_description":"ALCG \u2013 Ihre Experten f\u00fcr Lebensmittelsicherheit in Europa: Wir bieten Probenahme mit Abholservice, Laboranalysen, HACCP-Konzepte, Audits, Krisenmanagement und fachkundige Beratung \u2013 f\u00fcr h\u00f6chste Sicherheitsstandards.","og_url":"https:\/\/alcg.eu\/en\/stellenanzeige-buchhaltung\/","og_site_name":"Ariana Laboratories &amp; Consulting Group","article_modified_time":"2026-04-13T06:54:23+00:00","og_image":[{"width":1281,"height":562,"url":"https:\/\/alcg.eu\/wp-content\/uploads\/2025\/05\/Stellenanzeige_Buchhaltung_ALCG.webp","type":"image\/webp"}],"twitter_card":"summary_large_image","twitter_misc":{"Estimated reading time":"1 minute"},"schema":{"@context":"https:\/\/schema.org","@graph":[{"@type":"WebPage","@id":"https:\/\/alcg.eu\/stellenanzeige-buchhaltung\/","url":"https:\/\/alcg.eu\/stellenanzeige-buchhaltung\/","name":"Stellenanzeige Buchhaltung - Ariana Laboratories &amp; Consulting Group","isPartOf":{"@id":"https:\/\/alcg.eu\/#website"},"primaryImageOfPage":{"@id":"https:\/\/alcg.eu\/stellenanzeige-buchhaltung\/#primaryimage"},"image":{"@id":"https:\/\/alcg.eu\/stellenanzeige-buchhaltung\/#primaryimage"},"thumbnailUrl":"https:\/\/alcg.eu\/wp-content\/uploads\/2025\/05\/Stellenanzeige_Buchhaltung_ALCG-1024x449.webp","datePublished":"2025-05-14T09:34:10+00:00","dateModified":"2026-04-13T06:54:23+00:00","description":"ALCG \u2013 Ihre Experten f\u00fcr Lebensmittelsicherheit in Europa: Wir bieten Probenahme mit Abholservice, Laboranalysen, HACCP-Konzepte, Audits, Krisenmanagement und fachkundige Beratung \u2013 f\u00fcr h\u00f6chste Sicherheitsstandards.","breadcrumb":{"@id":"https:\/\/alcg.eu\/stellenanzeige-buchhaltung\/#breadcrumb"},"inLanguage":"en-GB","potentialAction":[{"@type":"ReadAction","target":["https:\/\/alcg.eu\/stellenanzeige-buchhaltung\/"]}]},{"@type":"ImageObject","inLanguage":"en-GB","@id":"https:\/\/alcg.eu\/stellenanzeige-buchhaltung\/#primaryimage","url":"https:\/\/alcg.eu\/wp-content\/uploads\/2025\/05\/Stellenanzeige_Buchhaltung_ALCG-1024x449.webp","contentUrl":"https:\/\/alcg.eu\/wp-content\/uploads\/2025\/05\/Stellenanzeige_Buchhaltung_ALCG-1024x449.webp"},{"@type":"BreadcrumbList","@id":"https:\/\/alcg.eu\/stellenanzeige-buchhaltung\/#breadcrumb","itemListElement":[{"@type":"ListItem","position":1,"name":"Home","item":"https:\/\/alcg.eu\/"},{"@type":"ListItem","position":2,"name":"Stellenanzeige Buchhaltung"}]},{"@type":"WebSite","@id":"https:\/\/alcg.eu\/#website","url":"https:\/\/alcg.eu\/","name":"Ariana Laboratories & Consulting Group","description":"","publisher":{"@id":"https:\/\/alcg.eu\/#organization"},"potentialAction":[{"@type":"SearchAction","target":{"@type":"EntryPoint","urlTemplate":"https:\/\/alcg.eu\/?s={search_term_string}"},"query-input":{"@type":"PropertyValueSpecification","valueRequired":true,"valueName":"search_term_string"}}],"inLanguage":"en-GB"},{"@type":"Organization","@id":"https:\/\/alcg.eu\/#organization","name":"Ariana Laboratories & Consulting Group","url":"https:\/\/alcg.eu\/","logo":{"@type":"ImageObject","inLanguage":"en-GB","@id":"https:\/\/alcg.eu\/#\/schema\/logo\/image\/","url":"https:\/\/alcg.eu\/wp-content\/uploads\/2024\/09\/Ariana_Logo_V03.svg","contentUrl":"https:\/\/alcg.eu\/wp-content\/uploads\/2024\/09\/Ariana_Logo_V03.svg","width":317,"height":118,"caption":"Ariana Laboratories & Consulting Group"},"image":{"@id":"https:\/\/alcg.eu\/#\/schema\/logo\/image\/"},"sameAs":["https:\/\/www.linkedin.com\/company\/alcgeu\/?viewAsMember=true"]}]}},"_links":{"self":[{"href":"https:\/\/alcg.eu\/en\/wp-json\/wp\/v2\/pages\/6975","targetHints":{"allow":["GET"]}}],"collection":[{"href":"https:\/\/alcg.eu\/en\/wp-json\/wp\/v2\/pages"}],"about":[{"href":"https:\/\/alcg.eu\/en\/wp-json\/wp\/v2\/types\/page"}],"author":[{"embeddable":true,"href":"https:\/\/alcg.eu\/en\/wp-json\/wp\/v2\/users\/1"}],"replies":[{"embeddable":true,"href":"https:\/\/alcg.eu\/en\/wp-json\/wp\/v2\/comments?post=6975"}],"version-history":[{"count":10,"href":"https:\/\/alcg.eu\/en\/wp-json\/wp\/v2\/pages\/6975\/revisions"}],"predecessor-version":[{"id":9937,"href":"https:\/\/alcg.eu\/en\/wp-json\/wp\/v2\/pages\/6975\/revisions\/9937"}],"wp:attachment":[{"href":"https:\/\/alcg.eu\/en\/wp-json\/wp\/v2\/media?parent=6975"}],"curies":[{"name":"wp","href":"https:\/\/api.w.org\/{rel}","templated":true}]}}